{"id":3142,"date":"2024-04-22T19:57:21","date_gmt":"2024-04-22T17:57:21","guid":{"rendered":"https:\/\/locandasansilvestro.ch\/das-spa\/"},"modified":"2026-04-01T12:03:38","modified_gmt":"2026-04-01T10:03:38","slug":"das-spa","status":"publish","type":"page","link":"https:\/\/locandasansilvestro.ch\/de\/das-spa\/","title":{"rendered":"Das SPA"},"content":{"rendered":"<p><div class=\"fusion-fullwidth fullwidth-box fusion-builder-row-1 fusion-parallax-none hundred-percent-fullwidth hundred-percent-height hundred-percent-height-center-content non-hundred-percent-height-scrolling\" style=\"background-color: rgba(255,255,255,0);background-image: url(&quot;https:\/\/locandasansilvestro.ch\/wp-content\/uploads\/2024\/04\/SPA1-scaled.jpg&quot;);background-position: center top;background-repeat: no-repeat;padding-top:43%;padding-right:60px;padding-bottom:30px;padding-left:0px;margin-bottom: 0px;margin-top: 0px;border-width: 0px 0px 0px 0px;border-color:#eae9e9;border-style:solid;-webkit-background-size:cover;-moz-background-size:cover;-o-background-size:cover;background-size:cover;\" ><div class=\"fusion-fullwidth-center-content\"><div class=\"fusion-builder-row fusion-row\"><div class=\"fusion-layout-column fusion_builder_column fusion-builder-column-0 fusion_builder_column_1_6 1_6 fusion-one-sixth fusion-column-first fusion-column-no-min-height\" style=\"width:16.666666666667%;width:calc(16.666666666667% - ( ( 0px + 0px ) * 0.16666666666667 ) );margin-right: 0px;margin-top:0px;margin-bottom:0px;\"><div class=\"fusion-column-wrapper fusion-flex-column-wrapper-legacy\" style=\"background-position:center bottom;background-repeat:no-repeat;-webkit-background-size:cover;-moz-background-size:cover;-o-background-size:cover;background-size:cover;padding: 60px 15px 0px 0px;\"><span class=\" fusion-imageframe imageframe-none imageframe-1 hover-type-none\" style=\"margin-left:25px;float:right;\"><\/span><div class=\"fusion-clearfix\"><\/div><\/div><\/div><div class=\"fusion-layout-column fusion_builder_column fusion-builder-column-1 fusion_builder_column_1_2 1_2 fusion-one-half\" style=\"width:50%;width:calc(50% - ( ( 0px + 0px ) * 0.5 ) );margin-right: 0px;margin-top:0px;margin-bottom:20px;\"><div class=\"fusion-column-wrapper fusion-flex-column-wrapper-legacy\" style=\"background-position:left top;background-repeat:no-repeat;-webkit-background-size:cover;-moz-background-size:cover;-o-background-size:cover;background-size:cover;padding: 0px 0px 0px 0px;\"><div class=\"fusion-text fusion-text-1\"><h1><span style=\"color: #ffffff;\">Das SPA<\/span><\/h1>\n<\/div><div class=\"fusion-clearfix\"><\/div><\/div><\/div><div class=\"fusion-layout-column fusion_builder_column fusion-builder-column-2 fusion_builder_column_1_6 1_6 fusion-one-sixth fusion-column-last fusion-column-no-min-height\" style=\"width:16.666666666667%;width:calc(16.666666666667% - ( ( 0px + 0px ) * 0.16666666666667 ) );margin-top:0px;margin-bottom:0px;\"><div class=\"fusion-column-wrapper fusion-flex-column-wrapper-legacy\" style=\"background-position:center bottom;background-repeat:no-repeat;-webkit-background-size:cover;-moz-background-size:cover;-o-background-size:cover;background-size:cover;padding: 60px 15px 0px 0px;\"><span class=\" fusion-imageframe imageframe-none imageframe-2 hover-type-none\"><img width=\"150\" height=\"78\" title=\"line-q2\" src=\"https:\/\/locandasansilvestro.ch\/wp-content\/uploads\/2019\/05\/line-q2.png\" class=\"img-responsive wp-image-996\"\/><\/span><div class=\"fusion-clearfix\"><\/div><\/div><\/div><\/div><\/div><\/div><div class=\"fusion-fullwidth fullwidth-box fusion-builder-row-2 nonhundred-percent-fullwidth non-hundred-percent-height-scrolling\" style=\"background-color: rgba(255,255,255,0);background-position: center center;background-repeat: no-repeat;padding-top:0px;padding-right:0px;padding-bottom:0px;padding-left:0px;margin-bottom: 0px;margin-top: 20px;border-width: 0px 0px 0px 0px;border-color:#eae9e9;border-style:solid;\" ><div class=\"fusion-builder-row fusion-row\"><div class=\"fusion-layout-column fusion_builder_column fusion-builder-column-3 fusion_builder_column_1_1 1_1 fusion-one-full fusion-column-first fusion-column-last\" style=\"margin-top:0px;margin-bottom:20px;\"><div class=\"fusion-column-wrapper fusion-flex-column-wrapper-legacy\" style=\"background-position:left top;background-repeat:no-repeat;-webkit-background-size:cover;-moz-background-size:cover;-o-background-size:cover;background-size:cover;padding: 0px 0px 0px 0px;\"><div class=\"fusion-text fusion-text-2\"><div class=\"breadcrumb\" itemprop=\"breadcrumb\"><span><span><a href=\"https:\/\/locandasansilvestro.ch\/de\/\">Home<\/a><\/span><\/div>\n<\/div><div class=\"fusion-clearfix\"><\/div><\/div><\/div><\/div><\/div><div class=\"fusion-fullwidth fullwidth-box fusion-builder-row-3 nonhundred-percent-fullwidth non-hundred-percent-height-scrolling\" style=\"background-color: rgba(255,255,255,0);background-position: center center;background-repeat: no-repeat;padding-top:0px;padding-right:60px;padding-bottom:0px;padding-left:60px;margin-bottom: 0px;margin-top: 40px;border-width: 0px 0px 0px 0px;border-color:#eae9e9;border-style:solid;\" ><div class=\"fusion-builder-row fusion-row\"><div class=\"fusion-layout-column fusion_builder_column fusion-builder-column-4 fusion_builder_column_3_5 3_5 fusion-three-fifth fusion-column-first\" style=\"width:60%;width:calc(60% - ( ( 4% ) * 0.6 ) );margin-right: 4%;margin-top:0px;margin-bottom:20px;\"><div class=\"fusion-column-wrapper fusion-flex-column-wrapper-legacy\" style=\"background-position:left top;background-repeat:no-repeat;-webkit-background-size:cover;-moz-background-size:cover;-o-background-size:cover;background-size:cover;padding: 0px 0px 0px 0px;\"><div class=\"fusion-text fusion-text-3\"><h2><span style=\"color: #747f2e;\">Unser einladendes Spa schenkt Ihnen Momente der Gelassenheit und Ruhe.<\/span><\/h2>\n<\/div><div class=\"fusion-clearfix\"><\/div><\/div><\/div><div class=\"fusion-layout-column fusion_builder_column fusion-builder-column-5 fusion_builder_column_2_5 2_5 fusion-two-fifth fusion-column-last\" style=\"width:40%;width:calc(40% - ( ( 4% ) * 0.4 ) );margin-top:0px;margin-bottom:0px;\"><div class=\"fusion-column-wrapper fusion-flex-column-wrapper-legacy\" style=\"background-position:left top;background-repeat:no-repeat;-webkit-background-size:cover;-moz-background-size:cover;-o-background-size:cover;background-size:cover;padding: 0px 0px 0px 0px;\"><div class=\"fusion-clearfix\"><\/div><\/div><\/div><div class=\"fusion-layout-column fusion_builder_column fusion-builder-column-6 fusion_builder_column_1_2 1_2 fusion-one-half fusion-column-first\" style=\"width:50%;width:calc(50% - ( ( 10px ) * 0.5 ) );margin-right: 10px;margin-top:0px;margin-bottom:20px;\"><div class=\"fusion-column-wrapper fusion-flex-column-wrapper-legacy\" style=\"background-position:left top;background-repeat:no-repeat;-webkit-background-size:cover;-moz-background-size:cover;-o-background-size:cover;background-size:cover;padding: 0px 0px 0px 0px;\"><div class=\"fusion-text fusion-text-4 fusion-text-no-margin\" style=\"margin-bottom:20px;\"><\/div><div class=\"fusion-text fusion-text-5\"><p style=\"text-align: center;\">Gezeichnet durch eine Decke mit antiken Gew\u00f6lben, bietet es eine Sauna, ein Dampfbad und einen Whirlpool.<br \/>\nIm Ruheraum k\u00f6nnen Sie sich entspannen, lesen und einen Kr\u00e4utertee genie\u00dfen.<br \/>\nZu Ihrer Verf\u00fcgung stehen Handt\u00fccher, Badeschuhe, Umkleidekabinen, Dusche und Schlie\u00dff\u00e4chern.<\/p>\n<p style=\"text-align: center;\"><span style=\"color: #ff0000;\"><a style=\"color: #ff0000;\" href=\"https:\/\/locandasansilvestro.ch\/wp-content\/uploads\/2026\/03\/Trattamenti-Offerti.pdf\">Sie k\u00f6nnen eine Massage oder eine Behandlung mit einer Vorank\u00fcndigung von mindestens 24 Stunden buchen. Klicken Sie auf den Link, um mehr zu erfahren.<\/a><\/span><\/p>\n<\/div><span class=\" fusion-imageframe imageframe-none imageframe-3 hover-type-none\"><img width=\"1280\" height=\"720\" title=\"Massaggio Spa\" src=\"https:\/\/locandasansilvestro.ch\/wp-content\/uploads\/2026\/03\/Massaggio-Spa.jpg\" class=\"img-responsive wp-image-3508\" srcset=\"https:\/\/locandasansilvestro.ch\/wp-content\/uploads\/2026\/03\/Massaggio-Spa-200x113.jpg 200w, https:\/\/locandasansilvestro.ch\/wp-content\/uploads\/2026\/03\/Massaggio-Spa-400x225.jpg 400w, https:\/\/locandasansilvestro.ch\/wp-content\/uploads\/2026\/03\/Massaggio-Spa-600x338.jpg 600w, https:\/\/locandasansilvestro.ch\/wp-content\/uploads\/2026\/03\/Massaggio-Spa-800x450.jpg 800w, https:\/\/locandasansilvestro.ch\/wp-content\/uploads\/2026\/03\/Massaggio-Spa-1200x675.jpg 1200w, https:\/\/locandasansilvestro.ch\/wp-content\/uploads\/2026\/03\/Massaggio-Spa.jpg 1280w\" sizes=\"(max-width: 800px) 100vw, 600px\" \/><\/span><div class=\"fusion-clearfix\"><\/div><\/div><\/div><div class=\"fusion-layout-column fusion_builder_column fusion-builder-column-7 fusion_builder_column_1_3 1_3 fusion-one-third fusion-column-last\" style=\"width:33.333333333333%;width:calc(33.333333333333% - ( ( 10px ) * 0.33333333333333 ) );margin-top:0px;margin-bottom:0px;\"><div class=\"fusion-column-wrapper fusion-flex-column-wrapper-legacy\" style=\"background-position:left top;background-repeat:no-repeat;-webkit-background-size:cover;-moz-background-size:cover;-o-background-size:cover;background-size:cover;background-color:rgba(209,71,71,0.8);padding: 10px 10px 10px 10px;\"><div class=\"fusion-text fusion-text-6\"><p style=\"text-align: center;\"><span style=\"color: #000000;\"><b>Eintritt Spa f\u00fcr interne und externe G\u00e4ste<\/b><\/span><\/p>\n<p style=\"text-align: center;\"><span style=\"color: #ffffff;\">CHF 50.00 pro Person f\u00fcr 1h 30min<\/span><\/p>\n<\/div><div class=\"fusion-text fusion-text-7\"><h4 style=\"text-align: center;\"><span style=\"color: #000000;\"><strong>Orari d\u2019apertura<\/strong><\/span><br \/>\n<span style=\"color: #ffffff;\">\u00d6ffnungszeiten Spa (Fr-So)<br \/>\n15.00 \u2013 20.00 Uhr<br \/>\nAndere Tage und Zeiten auf Anfrage.<br \/>\nReservierung erforderlich.<br \/>\n<span style=\"color: #000000;\"><strong>F\u00fcr Informationen , Reservierungen und Spa-Pakete<\/strong><\/span><br \/>\nkontaktieren Sie die Einrichtung unter<br \/>\n<a href=\"tel:+41916461000\">+41 916461000<\/a><br \/>\nZugang f\u00fcr max. 4\/6 Personen.<br \/>\n<\/span><\/h4>\n<\/div><div class=\"fusion-clearfix\"><\/div><\/div><\/div><\/div><\/div><div class=\"fusion-fullwidth fullwidth-box fusion-builder-row-4 fusion-flex-container nonhundred-percent-fullwidth non-hundred-percent-height-scrolling\" style=\"background-color: rgba(255,255,255,0);background-position: center center;background-repeat: no-repeat;border-width: 0px 0px 0px 0px;border-color:#eae9e9;border-style:solid;\" ><div class=\"fusion-builder-row fusion-row fusion-flex-align-items-flex-start\" style=\"max-width:1144px;margin-left: calc(-4% \/ 2 );margin-right: calc(-4% \/ 2 );\"><div class=\"fusion-layout-column fusion_builder_column fusion-builder-column-8 fusion_builder_column_1_1 1_1 fusion-flex-column\"><div class=\"fusion-column-wrapper fusion-flex-justify-content-flex-start fusion-content-layout-column\" style=\"background-position:left top;background-repeat:no-repeat;-webkit-background-size:cover;-moz-background-size:cover;-o-background-size:cover;background-size:cover;padding: 0px 0px 0px 0px;\"><\/div><style type=\"text\/css\">.fusion-body .fusion-builder-column-8{width:100% !important;margin-top : 0px;margin-bottom : 20px;}.fusion-builder-column-8 > .fusion-column-wrapper {padding-top : 0px !important;padding-right : 0px !important;margin-right : 1.92%;padding-bottom : 0px !important;padding-left : 0px !important;margin-left : 1.92%;}@media only screen and (max-width:1024px) {.fusion-body .fusion-builder-column-8{width:100% !important;order : 0;}.fusion-builder-column-8 > .fusion-column-wrapper {margin-right : 1.92%;margin-left : 1.92%;}}@media only screen and (max-width:640px) {.fusion-body .fusion-builder-column-8{width:100% !important;order : 0;}.fusion-builder-column-8 > .fusion-column-wrapper {margin-right : 1.92%;margin-left : 1.92%;}}<\/style><\/div><\/div><style type=\"text\/css\">.fusion-body .fusion-flex-container.fusion-builder-row-4{ padding-top : 0px;margin-top : 0px;padding-right : 0px;padding-bottom : 0px;margin-bottom : 0px;padding-left : 0px;}<\/style><\/div><div class=\"fusion-fullwidth fullwidth-box fusion-builder-row-5 hundred-percent-fullwidth non-hundred-percent-height-scrolling\" style=\"background-color: rgba(255,255,255,0);background-position: center center;background-repeat: no-repeat;padding-top:0px;padding-right:60px;padding-bottom:0px;padding-left:60px;margin-bottom: 0px;margin-top: 0px;border-width: 0px 0px 0px 0px;border-color:#eae9e9;border-style:solid;\" ><div class=\"fusion-builder-row fusion-row\"><div class=\"fusion-layout-column fusion_builder_column fusion-builder-column-9 fusion_builder_column_1_1 1_1 fusion-one-full fusion-column-first fusion-column-last\" style=\"margin-top:0px;margin-bottom:20px;\"><div class=\"fusion-column-wrapper fusion-flex-column-wrapper-legacy\" style=\"background-position:left top;background-repeat:no-repeat;-webkit-background-size:cover;-moz-background-size:cover;-o-background-size:cover;background-size:cover;padding: 0px 0px 0px 0px;\"><style type=\"text\/css\">.fusion-gallery-1 .fusion-gallery-image {border:0px solid #f6f6f6;}<\/style><div class=\"fusion-gallery fusion-gallery-container fusion-grid-2 fusion-columns-total-6 fusion-gallery-layout-grid fusion-gallery-1\" style=\"margin:-2px;\"><div style=\"padding:2.5px;\" class=\"fusion-grid-column fusion-gallery-column fusion-gallery-column-2 hover-type-none\"><div class=\"fusion-gallery-image\"><a href=\"https:\/\/locandasansilvestro.ch\/wp-content\/uploads\/2024\/03\/1.jpg\" rel=\"noreferrer\" data-rel=\"iLightbox[gallery_image_1]\" class=\"fusion-lightbox\" target=\"_self\"><img src=\"https:\/\/locandasansilvestro.ch\/wp-content\/uploads\/2024\/03\/1.jpg\" width=\"1920\" height=\"2557\" alt=\"\" title=\"1\" aria-label=\"1\" class=\"img-responsive wp-image-3087\" srcset=\"https:\/\/locandasansilvestro.ch\/wp-content\/uploads\/2024\/03\/1-200x266.jpg 200w, https:\/\/locandasansilvestro.ch\/wp-content\/uploads\/2024\/03\/1-400x533.jpg 400w, https:\/\/locandasansilvestro.ch\/wp-content\/uploads\/2024\/03\/1-600x799.jpg 600w, https:\/\/locandasansilvestro.ch\/wp-content\/uploads\/2024\/03\/1-800x1065.jpg 800w, https:\/\/locandasansilvestro.ch\/wp-content\/uploads\/2024\/03\/1-1200x1598.jpg 1200w, https:\/\/locandasansilvestro.ch\/wp-content\/uploads\/2024\/03\/1.jpg 1920w\" sizes=\"(min-width: 2200px) 100vw, (min-width: 712px) 549px, (min-width: 640px) 712px, \" \/><\/a><\/div><\/div><div style=\"padding:2.5px;\" class=\"fusion-grid-column fusion-gallery-column fusion-gallery-column-2 hover-type-none\"><div class=\"fusion-gallery-image\"><a href=\"https:\/\/locandasansilvestro.ch\/wp-content\/uploads\/2024\/03\/3.jpg\" rel=\"noreferrer\" data-rel=\"iLightbox[gallery_image_1]\" class=\"fusion-lightbox\" target=\"_self\"><img src=\"https:\/\/locandasansilvestro.ch\/wp-content\/uploads\/2024\/03\/3.jpg\" width=\"1920\" height=\"2557\" alt=\"\" title=\"3\" aria-label=\"3\" class=\"img-responsive wp-image-3081\" srcset=\"https:\/\/locandasansilvestro.ch\/wp-content\/uploads\/2024\/03\/3-200x266.jpg 200w, https:\/\/locandasansilvestro.ch\/wp-content\/uploads\/2024\/03\/3-400x533.jpg 400w, https:\/\/locandasansilvestro.ch\/wp-content\/uploads\/2024\/03\/3-600x799.jpg 600w, https:\/\/locandasansilvestro.ch\/wp-content\/uploads\/2024\/03\/3-800x1065.jpg 800w, https:\/\/locandasansilvestro.ch\/wp-content\/uploads\/2024\/03\/3-1200x1598.jpg 1200w, https:\/\/locandasansilvestro.ch\/wp-content\/uploads\/2024\/03\/3.jpg 1920w\" sizes=\"(min-width: 2200px) 100vw, (min-width: 712px) 549px, (min-width: 640px) 712px, \" \/><\/a><\/div><\/div><div class=\"clearfix\"><\/div><div style=\"padding:2.5px;\" class=\"fusion-grid-column fusion-gallery-column fusion-gallery-column-2 hover-type-none\"><div class=\"fusion-gallery-image\"><a href=\"https:\/\/locandasansilvestro.ch\/wp-content\/uploads\/2024\/03\/6.jpg\" rel=\"noreferrer\" data-rel=\"iLightbox[gallery_image_1]\" class=\"fusion-lightbox\" target=\"_self\"><img src=\"https:\/\/locandasansilvestro.ch\/wp-content\/uploads\/2024\/03\/6.jpg\" width=\"1920\" height=\"2557\" alt=\"\" title=\"6\" aria-label=\"6\" class=\"img-responsive wp-image-3069\" srcset=\"https:\/\/locandasansilvestro.ch\/wp-content\/uploads\/2024\/03\/6-200x266.jpg 200w, https:\/\/locandasansilvestro.ch\/wp-content\/uploads\/2024\/03\/6-400x533.jpg 400w, https:\/\/locandasansilvestro.ch\/wp-content\/uploads\/2024\/03\/6-600x799.jpg 600w, https:\/\/locandasansilvestro.ch\/wp-content\/uploads\/2024\/03\/6-800x1065.jpg 800w, https:\/\/locandasansilvestro.ch\/wp-content\/uploads\/2024\/03\/6-1200x1598.jpg 1200w, https:\/\/locandasansilvestro.ch\/wp-content\/uploads\/2024\/03\/6.jpg 1920w\" sizes=\"(min-width: 2200px) 100vw, (min-width: 712px) 549px, (min-width: 640px) 712px, \" \/><\/a><\/div><\/div><div style=\"padding:2.5px;\" class=\"fusion-grid-column fusion-gallery-column fusion-gallery-column-2 hover-type-none\"><div class=\"fusion-gallery-image\"><a href=\"https:\/\/locandasansilvestro.ch\/wp-content\/uploads\/2024\/03\/5.jpg\" rel=\"noreferrer\" data-rel=\"iLightbox[gallery_image_1]\" class=\"fusion-lightbox\" target=\"_self\"><img src=\"https:\/\/locandasansilvestro.ch\/wp-content\/uploads\/2024\/03\/5.jpg\" width=\"1920\" height=\"2557\" alt=\"\" title=\"5\" aria-label=\"5\" class=\"img-responsive wp-image-3075\" srcset=\"https:\/\/locandasansilvestro.ch\/wp-content\/uploads\/2024\/03\/5-200x266.jpg 200w, https:\/\/locandasansilvestro.ch\/wp-content\/uploads\/2024\/03\/5-400x533.jpg 400w, https:\/\/locandasansilvestro.ch\/wp-content\/uploads\/2024\/03\/5-600x799.jpg 600w, https:\/\/locandasansilvestro.ch\/wp-content\/uploads\/2024\/03\/5-800x1065.jpg 800w, https:\/\/locandasansilvestro.ch\/wp-content\/uploads\/2024\/03\/5-1200x1598.jpg 1200w, https:\/\/locandasansilvestro.ch\/wp-content\/uploads\/2024\/03\/5.jpg 1920w\" sizes=\"(min-width: 2200px) 100vw, (min-width: 712px) 549px, (min-width: 640px) 712px, \" \/><\/a><\/div><\/div><div class=\"clearfix\"><\/div><div style=\"padding:2.5px;\" class=\"fusion-grid-column fusion-gallery-column fusion-gallery-column-2 hover-type-none\"><div class=\"fusion-gallery-image\"><a href=\"https:\/\/locandasansilvestro.ch\/wp-content\/uploads\/2024\/03\/4.jpg\" rel=\"noreferrer\" data-rel=\"iLightbox[gallery_image_1]\" class=\"fusion-lightbox\" target=\"_self\"><img src=\"https:\/\/locandasansilvestro.ch\/wp-content\/uploads\/2024\/03\/4.jpg\" width=\"1920\" height=\"2557\" alt=\"\" title=\"4\" aria-label=\"4\" class=\"img-responsive wp-image-3078\" srcset=\"https:\/\/locandasansilvestro.ch\/wp-content\/uploads\/2024\/03\/4-200x266.jpg 200w, https:\/\/locandasansilvestro.ch\/wp-content\/uploads\/2024\/03\/4-400x533.jpg 400w, https:\/\/locandasansilvestro.ch\/wp-content\/uploads\/2024\/03\/4-600x799.jpg 600w, https:\/\/locandasansilvestro.ch\/wp-content\/uploads\/2024\/03\/4-800x1065.jpg 800w, https:\/\/locandasansilvestro.ch\/wp-content\/uploads\/2024\/03\/4-1200x1598.jpg 1200w, https:\/\/locandasansilvestro.ch\/wp-content\/uploads\/2024\/03\/4.jpg 1920w\" sizes=\"(min-width: 2200px) 100vw, (min-width: 712px) 549px, (min-width: 640px) 712px, \" \/><\/a><\/div><\/div><div style=\"padding:2.5px;\" class=\"fusion-grid-column fusion-gallery-column fusion-gallery-column-2 hover-type-none\"><div class=\"fusion-gallery-image\"><a href=\"https:\/\/locandasansilvestro.ch\/wp-content\/uploads\/2024\/03\/7.jpg\" rel=\"noreferrer\" data-rel=\"iLightbox[gallery_image_1]\" class=\"fusion-lightbox\" target=\"_self\"><img src=\"https:\/\/locandasansilvestro.ch\/wp-content\/uploads\/2024\/03\/7.jpg\" width=\"1920\" height=\"2557\" alt=\"\" title=\"7\" aria-label=\"7\" class=\"img-responsive wp-image-3072\" srcset=\"https:\/\/locandasansilvestro.ch\/wp-content\/uploads\/2024\/03\/7-200x266.jpg 200w, https:\/\/locandasansilvestro.ch\/wp-content\/uploads\/2024\/03\/7-400x533.jpg 400w, https:\/\/locandasansilvestro.ch\/wp-content\/uploads\/2024\/03\/7-600x799.jpg 600w, https:\/\/locandasansilvestro.ch\/wp-content\/uploads\/2024\/03\/7-800x1065.jpg 800w, https:\/\/locandasansilvestro.ch\/wp-content\/uploads\/2024\/03\/7-1200x1598.jpg 1200w, https:\/\/locandasansilvestro.ch\/wp-content\/uploads\/2024\/03\/7.jpg 1920w\" sizes=\"(min-width: 2200px) 100vw, (min-width: 712px) 549px, (min-width: 640px) 712px, \" \/><\/a><\/div><\/div><div class=\"clearfix\"><\/div><\/div><div class=\"fusion-clearfix\"><\/div><\/div><\/div><\/div><\/div><\/p>\n","protected":false},"excerpt":{"rendered":"","protected":false},"author":4,"featured_media":0,"parent":0,"menu_order":0,"comment_status":"closed","ping_status":"closed","template":"100-width.php","meta":[],"yoast_head":"<!-- This site is optimized with the Yoast SEO plugin v17.8 - https:\/\/yoast.com\/wordpress\/plugins\/seo\/ -->\n<title>Das SPA - Locanda San Silvestro Meride<\/title>\n<meta name=\"robots\" content=\"index, follow, max-snippet:-1, max-image-preview:large, max-video-preview:-1\" \/>\n<link rel=\"canonical\" href=\"https:\/\/locandasansilvestro.ch\/de\/das-spa\/\" \/>\n<meta property=\"og:locale\" content=\"de_DE\" \/>\n<meta property=\"og:type\" content=\"article\" \/>\n<meta property=\"og:title\" content=\"Das SPA - Locanda San Silvestro Meride\" \/>\n<meta property=\"og:url\" content=\"https:\/\/locandasansilvestro.ch\/de\/das-spa\/\" \/>\n<meta property=\"og:site_name\" content=\"Locanda San Silvestro Meride\" \/>\n<meta property=\"article:modified_time\" content=\"2026-04-01T10:03:38+00:00\" \/>\n<meta name=\"twitter:card\" content=\"summary_large_image\" \/>\n<meta name=\"twitter:label1\" content=\"Gesch\u00e4tzte Lesezeit\" \/>\n\t<meta name=\"twitter:data1\" content=\"18 Minuten\" \/>\n<script type=\"application\/ld+json\" class=\"yoast-schema-graph\">{\"@context\":\"https:\/\/schema.org\",\"@graph\":[{\"@type\":\"WebSite\",\"@id\":\"https:\/\/locandasansilvestro.ch\/#website\",\"url\":\"https:\/\/locandasansilvestro.ch\/\",\"name\":\"Locanda San Silvestro Meride\",\"description\":\"La locanda del tempo ritrovato\",\"potentialAction\":[{\"@type\":\"SearchAction\",\"target\":{\"@type\":\"EntryPoint\",\"urlTemplate\":\"https:\/\/locandasansilvestro.ch\/?s={search_term_string}\"},\"query-input\":\"required name=search_term_string\"}],\"inLanguage\":\"de-DE\"},{\"@type\":\"WebPage\",\"@id\":\"https:\/\/locandasansilvestro.ch\/de\/das-spa\/#webpage\",\"url\":\"https:\/\/locandasansilvestro.ch\/de\/das-spa\/\",\"name\":\"Das SPA - Locanda San Silvestro Meride\",\"isPartOf\":{\"@id\":\"https:\/\/locandasansilvestro.ch\/#website\"},\"datePublished\":\"2024-04-22T17:57:21+00:00\",\"dateModified\":\"2026-04-01T10:03:38+00:00\",\"breadcrumb\":{\"@id\":\"https:\/\/locandasansilvestro.ch\/de\/das-spa\/#breadcrumb\"},\"inLanguage\":\"de-DE\",\"potentialAction\":[{\"@type\":\"ReadAction\",\"target\":[\"https:\/\/locandasansilvestro.ch\/de\/das-spa\/\"]}]},{\"@type\":\"BreadcrumbList\",\"@id\":\"https:\/\/locandasansilvestro.ch\/de\/das-spa\/#breadcrumb\",\"itemListElement\":[{\"@type\":\"ListItem\",\"position\":1,\"name\":\"Home\",\"item\":\"https:\/\/locandasansilvestro.ch\/de\/\"},{\"@type\":\"ListItem\",\"position\":2,\"name\":\"Das SPA\"}]}]}<\/script>\n<!-- \/ Yoast SEO plugin. -->","yoast_head_json":{"title":"Das SPA - Locanda San Silvestro Meride","robots":{"index":"index","follow":"follow","max-snippet":"max-snippet:-1","max-image-preview":"max-image-preview:large","max-video-preview":"max-video-preview:-1"},"canonical":"https:\/\/locandasansilvestro.ch\/de\/das-spa\/","og_locale":"de_DE","og_type":"article","og_title":"Das SPA - Locanda San Silvestro Meride","og_url":"https:\/\/locandasansilvestro.ch\/de\/das-spa\/","og_site_name":"Locanda San Silvestro Meride","article_modified_time":"2026-04-01T10:03:38+00:00","twitter_card":"summary_large_image","twitter_misc":{"Gesch\u00e4tzte Lesezeit":"18 Minuten"},"schema":{"@context":"https:\/\/schema.org","@graph":[{"@type":"WebSite","@id":"https:\/\/locandasansilvestro.ch\/#website","url":"https:\/\/locandasansilvestro.ch\/","name":"Locanda San Silvestro Meride","description":"La locanda del tempo ritrovato","potentialAction":[{"@type":"SearchAction","target":{"@type":"EntryPoint","urlTemplate":"https:\/\/locandasansilvestro.ch\/?s={search_term_string}"},"query-input":"required name=search_term_string"}],"inLanguage":"de-DE"},{"@type":"WebPage","@id":"https:\/\/locandasansilvestro.ch\/de\/das-spa\/#webpage","url":"https:\/\/locandasansilvestro.ch\/de\/das-spa\/","name":"Das SPA - Locanda San Silvestro Meride","isPartOf":{"@id":"https:\/\/locandasansilvestro.ch\/#website"},"datePublished":"2024-04-22T17:57:21+00:00","dateModified":"2026-04-01T10:03:38+00:00","breadcrumb":{"@id":"https:\/\/locandasansilvestro.ch\/de\/das-spa\/#breadcrumb"},"inLanguage":"de-DE","potentialAction":[{"@type":"ReadAction","target":["https:\/\/locandasansilvestro.ch\/de\/das-spa\/"]}]},{"@type":"BreadcrumbList","@id":"https:\/\/locandasansilvestro.ch\/de\/das-spa\/#breadcrumb","itemListElement":[{"@type":"ListItem","position":1,"name":"Home","item":"https:\/\/locandasansilvestro.ch\/de\/"},{"@type":"ListItem","position":2,"name":"Das SPA"}]}]}},"_links":{"self":[{"href":"https:\/\/locandasansilvestro.ch\/de\/wp-json\/wp\/v2\/pages\/3142"}],"collection":[{"href":"https:\/\/locandasansilvestro.ch\/de\/wp-json\/wp\/v2\/pages"}],"about":[{"href":"https:\/\/locandasansilvestro.ch\/de\/wp-json\/wp\/v2\/types\/page"}],"author":[{"embeddable":true,"href":"https:\/\/locandasansilvestro.ch\/de\/wp-json\/wp\/v2\/users\/4"}],"replies":[{"embeddable":true,"href":"https:\/\/locandasansilvestro.ch\/de\/wp-json\/wp\/v2\/comments?post=3142"}],"version-history":[{"count":5,"href":"https:\/\/locandasansilvestro.ch\/de\/wp-json\/wp\/v2\/pages\/3142\/revisions"}],"predecessor-version":[{"id":3522,"href":"https:\/\/locandasansilvestro.ch\/de\/wp-json\/wp\/v2\/pages\/3142\/revisions\/3522"}],"wp:attachment":[{"href":"https:\/\/locandasansilvestro.ch\/de\/wp-json\/wp\/v2\/media?parent=3142"}],"curies":[{"name":"wp","href":"https:\/\/api.w.org\/{rel}","templated":true}]}}