{"id":1808,"date":"2019-06-25T11:32:21","date_gmt":"2019-06-25T09:32:21","guid":{"rendered":"https:\/\/locandasansilvestro.ch\/schoene-unternehmungen\/radfahren\/"},"modified":"2022-09-28T16:08:55","modified_gmt":"2022-09-28T14:08:55","slug":"radfahren","status":"publish","type":"page","link":"https:\/\/locandasansilvestro.ch\/de\/schoene-unternehmungen\/radfahren\/","title":{"rendered":"Radfahren"},"content":{"rendered":"<p><div class=\"fusion-fullwidth fullwidth-box fusion-builder-row-1 fusion-parallax-none hundred-percent-fullwidth non-hundred-percent-height-scrolling\" style=\"background-color: rgba(255,255,255,0);background-image: url(&quot;https:\/\/locandasansilvestro.ch\/wp-content\/uploads\/2020\/10\/cicloturismo-up.jpg&quot;);background-position: center center;background-repeat: no-repeat;padding-top:43%;padding-right:60px;padding-bottom:30px;padding-left:0px;margin-bottom: 0px;margin-top: 0px;border-width: 0px 0px 0px 0px;border-color:#eae9e9;border-style:solid;-webkit-background-size:cover;-moz-background-size:cover;-o-background-size:cover;background-size:cover;\" ><div class=\"fusion-builder-row fusion-row\"><div class=\"fusion-layout-column fusion_builder_column fusion-builder-column-0 fusion_builder_column_1_6 1_6 fusion-one-sixth fusion-column-first fusion-column-no-min-height\" style=\"width:16.666666666667%;width:calc(16.666666666667% - ( ( 0px + 0px ) * 0.16666666666667 ) );margin-right: 0px;margin-top:0px;margin-bottom:0px;\"><div class=\"fusion-column-wrapper fusion-flex-column-wrapper-legacy\" style=\"background-position:center bottom;background-repeat:no-repeat;-webkit-background-size:cover;-moz-background-size:cover;-o-background-size:cover;background-size:cover;padding: 60px 15px 0px 0px;\"><span class=\" fusion-imageframe imageframe-none imageframe-1 hover-type-none\" style=\"margin-left:25px;float:right;\"><img width=\"150\" height=\"78\" title=\"line-q2\" src=\"https:\/\/locandasansilvestro.ch\/wp-content\/uploads\/2019\/05\/line-q2.png\" class=\"img-responsive wp-image-996\"\/><\/span><div class=\"fusion-clearfix\"><\/div><\/div><\/div><div class=\"fusion-layout-column fusion_builder_column fusion-builder-column-1 fusion_builder_column_1_2 1_2 fusion-one-half\" style=\"width:50%;width:calc(50% - ( ( 0px + 0px ) * 0.5 ) );margin-right: 0px;margin-top:0px;margin-bottom:20px;\"><div class=\"fusion-column-wrapper fusion-flex-column-wrapper-legacy\" style=\"background-position:left top;background-repeat:no-repeat;-webkit-background-size:cover;-moz-background-size:cover;-o-background-size:cover;background-size:cover;padding: 0px 0px 0px 0px;\"><div class=\"fusion-text fusion-text-1\"><h1><span style=\"color: #ffffff;\">Radfahren <\/span><\/h1>\n<\/div><div class=\"fusion-clearfix\"><\/div><\/div><\/div><div class=\"fusion-layout-column fusion_builder_column fusion-builder-column-2 fusion_builder_column_1_6 1_6 fusion-one-sixth fusion-column-last fusion-column-no-min-height\" style=\"width:16.666666666667%;width:calc(16.666666666667% - ( ( 0px + 0px ) * 0.16666666666667 ) );margin-top:0px;margin-bottom:0px;\"><div class=\"fusion-column-wrapper fusion-flex-column-wrapper-legacy\" style=\"background-position:center bottom;background-repeat:no-repeat;-webkit-background-size:cover;-moz-background-size:cover;-o-background-size:cover;background-size:cover;padding: 60px 15px 0px 0px;\"><span class=\" fusion-imageframe imageframe-none imageframe-2 hover-type-none\"><img width=\"150\" height=\"78\" title=\"line-q2\" src=\"https:\/\/locandasansilvestro.ch\/wp-content\/uploads\/2019\/05\/line-q2.png\" class=\"img-responsive wp-image-996\"\/><\/span><div class=\"fusion-clearfix\"><\/div><\/div><\/div><\/div><\/div><div class=\"fusion-fullwidth fullwidth-box fusion-builder-row-2 nonhundred-percent-fullwidth non-hundred-percent-height-scrolling\" style=\"background-color: rgba(255,255,255,0);background-position: center center;background-repeat: no-repeat;padding-top:0px;padding-right:0px;padding-bottom:0px;padding-left:0px;margin-bottom: 0px;margin-top: 20px;border-width: 0px 0px 0px 0px;border-color:#eae9e9;border-style:solid;\" ><div class=\"fusion-builder-row fusion-row\"><div class=\"fusion-layout-column fusion_builder_column fusion-builder-column-3 fusion_builder_column_1_1 1_1 fusion-one-full fusion-column-first fusion-column-last\" style=\"margin-top:0px;margin-bottom:20px;\"><div class=\"fusion-column-wrapper fusion-flex-column-wrapper-legacy\" style=\"background-position:left top;background-repeat:no-repeat;-webkit-background-size:cover;-moz-background-size:cover;-o-background-size:cover;background-size:cover;padding: 0px 0px 0px 0px;\"><div class=\"fusion-text fusion-text-2\"><div class=\"breadcrumb\" itemprop=\"breadcrumb\"><span><span><a href=\"https:\/\/locandasansilvestro.ch\/de\/\">Home<\/a><\/span><\/div>\n<\/div><div class=\"fusion-clearfix\"><\/div><\/div><\/div><\/div><\/div><div class=\"fusion-fullwidth fullwidth-box fusion-builder-row-3 nonhundred-percent-fullwidth non-hundred-percent-height-scrolling\" style=\"background-color: rgba(255,255,255,0);background-position: center center;background-repeat: no-repeat;padding-top:0px;padding-right:60px;padding-bottom:0px;padding-left:60px;margin-bottom: 0px;margin-top: 40px;border-width: 0px 0px 0px 0px;border-color:#eae9e9;border-style:solid;\" ><div class=\"fusion-builder-row fusion-row\"><div class=\"fusion-layout-column fusion_builder_column fusion-builder-column-4 fusion_builder_column_3_5 3_5 fusion-three-fifth fusion-column-first\" style=\"width:60%;width:calc(60% - ( ( 4% ) * 0.6 ) );margin-right: 4%;margin-top:0px;margin-bottom:20px;\"><div class=\"fusion-column-wrapper fusion-flex-column-wrapper-legacy\" style=\"background-position:left top;background-repeat:no-repeat;-webkit-background-size:cover;-moz-background-size:cover;-o-background-size:cover;background-size:cover;padding: 0px 0px 0px 0px;\"><div class=\"fusion-text fusion-text-3\"><h2><span style=\"color: #747f2e;\">Die Gegend um Meride ist auch als Radfahrerparadies bekannt.<br \/><\/span><\/h2>\n<\/div><div class=\"fusion-clearfix\"><\/div><\/div><\/div><div class=\"fusion-layout-column fusion_builder_column fusion-builder-column-5 fusion_builder_column_2_5 2_5 fusion-two-fifth fusion-column-last\" style=\"width:40%;width:calc(40% - ( ( 4% ) * 0.4 ) );margin-top:0px;margin-bottom:0px;\"><div class=\"fusion-column-wrapper fusion-flex-column-wrapper-legacy\" style=\"background-position:left top;background-repeat:no-repeat;-webkit-background-size:cover;-moz-background-size:cover;-o-background-size:cover;background-size:cover;padding: 0px 0px 0px 0px;\"><div class=\"fusion-clearfix\"><\/div><\/div><\/div><div class=\"fusion-layout-column fusion_builder_column fusion-builder-column-6 fusion_builder_column_1_6 1_6 fusion-one-sixth fusion-column-first\" style=\"width:16.666666666667%;width:calc(16.666666666667% - ( ( 0px ) * 0.16666666666667 ) );margin-right: 0px;margin-top:0px;margin-bottom:0px;\"><div class=\"fusion-column-wrapper fusion-flex-column-wrapper-legacy\" style=\"background-position:left top;background-repeat:no-repeat;-webkit-background-size:cover;-moz-background-size:cover;-o-background-size:cover;background-size:cover;padding: 0px 0px 0px 0px;\"><div class=\"fusion-clearfix\"><\/div><\/div><\/div><div class=\"fusion-layout-column fusion_builder_column fusion-builder-column-7 fusion_builder_column_1_2 1_2 fusion-one-half fusion-column-last\" style=\"width:50%;width:calc(50% - ( ( 0px ) * 0.5 ) );margin-top:0px;margin-bottom:20px;\"><div class=\"fusion-column-wrapper fusion-flex-column-wrapper-legacy\" style=\"background-position:left top;background-repeat:no-repeat;-webkit-background-size:cover;-moz-background-size:cover;-o-background-size:cover;background-size:cover;padding: 0px 0px 0px 0px;\"><div class=\"fusion-text fusion-text-4\"><p>Es gibt eine Vielzahl von Radwegen. Das Velo ist das ideale Fortbewegungsmittel, um Orte kennenzulernen und gleichzeitig D\u00fcfte und Ger\u00e4usche des Landlebens und des Waldes wahrzunehmen. Mit dem Fahrtwind im Gesicht und den Sonnenstrahlen, die durch die Baumkronen brechen, ist sofort dieses besondere Gef\u00fchl von Freiheit und Leichtigkeit zu sp\u00fcren.<\/p>\n<p>Die Locanda bietet ihren G\u00e4sten einen E-Bike-Verleih in Zusammenarbeit mit Akertino e-biking im Mendrisiotto.<\/p>\n<p>Klicken Sie hier, um Ihre Miete zu organisieren <a href=\"https:\/\/www.akertino.ch\/\" target=\"_blank\" rel=\"noopener\">akertino.ch<\/a><\/p>\n<p>Das Haus ist auch als Bike Hotel konzipiert: Die Velo-G\u00e4ste finden eine Mini-Werkstatt f\u00fcr kleine Reparaturen, Ladestationen f\u00fcr E-Bikes und Karten mit Radwegen.<\/p>\n<p>Durch Meride f\u00fchren mehrere, gut ausgeschilderte Routen hindurch, sowohl mit einfachem als auch hohem Schwierigkeitsgrad. Geplant sind zudem einige spezielle Radparcours, die an die Wege nach Lugano angebunden werden sollen und auf den Monte San Giorgio, den Monte Generoso und bis Como f\u00fchren. Die Region wird somit eine der attraktivsten Destinationen f\u00fcr Veloreisende sein dank \u00fcber 100 km Radwegenetz, in das auch Seilbahnen und andere \u00f6ffentliche Verkehrsmittel integriert sind.<\/p>\n<p>Link zum Inspirieren: <a href=\"https:\/\/www.wikiloc.com\/trails\/mountain-biking\/switzerland\/ticino\/mendrisio\" target=\"_blank\" rel=\"noopener noreferrer\">https:\/\/www.wikiloc.com\/trails\/mountain-biking\/switzerland\/ticino\/mendrisio<\/a><\/p>\n<\/div><div class=\"fusion-clearfix\"><\/div><\/div><\/div><\/div><\/div><div class=\"fusion-fullwidth fullwidth-box fusion-builder-row-4 fusion-parallax-none hundred-percent-fullwidth non-hundred-percent-height-scrolling fusion-equal-height-columns\" style=\"background-color: rgba(255,255,255,0);background-image: url(&quot;https:\/\/locandasansilvestro.ch\/wp-content\/uploads\/2020\/10\/progetto-up.jpg&quot;);background-position: center center;background-repeat: no-repeat;padding-top:0px;padding-right:0px;padding-bottom:0px;padding-left:0px;margin-bottom: 0px;margin-top: 0px;border-width: 0px 0px 0px 0px;border-color:#eae9e9;border-style:solid;-webkit-background-size:cover;-moz-background-size:cover;-o-background-size:cover;background-size:cover;\" ><div class=\"fusion-builder-row fusion-row\"><div class=\"fusion-layout-column fusion_builder_column fusion-builder-column-8 fusion_builder_column_1_5 1_5 fusion-one-fifth fusion-column-first fusion-column-inner-bg-wrapper\" style=\"width:20%;width:calc(20% - ( ( 0px + 0px + 0px + 0px ) * 0.2 ) );margin-right: 0px;margin-top:0px;margin-bottom:0px;\"><div class=\"fusion-column-wrapper fusion-flex-column-wrapper-legacy\" style=\"padding: 35% 40px 35% 40px;\"><div class=\"fusion-column-content-centered\"><div class=\"fusion-column-content\"><div class=\"fusion-text fusion-text-5\"><h2 style=\"text-align: center; font-size: 45px; margin: 0px;\">Ausfl\u00fcge in das<br \/>\nGebiet<\/h2>\n<\/div><\/div><\/div><div class=\"fusion-clearfix\"><\/div><\/div><span class=\"fusion-column-inner-bg hover-type-zoomout\"><a class=\"fusion-column-anchor\" href=\"https:\/\/locandasansilvestro.ch\/de\/schoene-unternehmungen\/ausfluege-in-die-umgebung\/\"><span class=\"fusion-column-inner-bg-image\" style=\"background-color:rgba(230,192,185,0.8);background-position:center center;background-repeat:no-repeat;-webkit-background-size:cover;-moz-background-size:cover;-o-background-size:cover;background-size:cover;\"><\/span><\/a><\/span><\/div><div class=\"fusion-layout-column fusion_builder_column fusion-builder-column-9 fusion_builder_column_1_5 1_5 fusion-one-fifth fusion-column-inner-bg-wrapper\" style=\"width:20%;width:calc(20% - ( ( 0px + 0px + 0px + 0px ) * 0.2 ) );margin-right: 0px;margin-top:0px;margin-bottom:0px;\"><div class=\"fusion-column-wrapper fusion-flex-column-wrapper-legacy\" style=\"padding: 35% 40px 35% 40px;\"><div class=\"fusion-text fusion-text-6 colorlink\"><h2 style=\"text-align: center; font-size: 45px; margin: 0px;\"><span style=\"color: #ffffff;\">Die Erfahrung des Waldes<\/span><\/h2>\n<\/div><div class=\"fusion-clearfix\"><\/div><\/div><span class=\"fusion-column-inner-bg hover-type-zoomout\"><a class=\"fusion-column-anchor\" href=\"https:\/\/locandasansilvestro.ch\/cosa-puoi-fare\/lesperienza-del-bosco\/\"><span class=\"fusion-column-inner-bg-image\" style=\"background-color:rgba(116,127,46,0.8);background-position:center center;background-repeat:no-repeat;-webkit-background-size:cover;-moz-background-size:cover;-o-background-size:cover;background-size:cover;\"><\/span><\/a><\/span><\/div><div class=\"fusion-layout-column fusion_builder_column fusion-builder-column-10 fusion_builder_column_1_5 1_5 fusion-one-fifth fusion-column-inner-bg-wrapper\" style=\"width:20%;width:calc(20% - ( ( 0px + 0px + 0px + 0px ) * 0.2 ) );margin-right: 0px;margin-top:0px;margin-bottom:0px;\"><div class=\"fusion-column-wrapper fusion-flex-column-wrapper-legacy\" style=\"padding: 35% 40px 35% 40px;\"><div class=\"fusion-text fusion-text-7\"><h2 style=\"text-align: center; font-size: 45px; margin: 0px;\"><span style=\"color: #ffffff;\">Radfahren<\/span><\/h2>\n<\/div><div class=\"fusion-clearfix\"><\/div><\/div><span class=\"fusion-column-inner-bg hover-type-zoomout\"><a class=\"fusion-column-anchor\" href=\"https:\/\/locandasansilvestro.ch\/de\/schoene-unternehmungen\/radfahren\/\"><span class=\"fusion-column-inner-bg-image\" style=\"background-color:rgba(229,178,68,0.8);background-position:center center;background-repeat:no-repeat;-webkit-background-size:cover;-moz-background-size:cover;-o-background-size:cover;background-size:cover;\"><\/span><\/a><\/span><\/div><div class=\"fusion-layout-column fusion_builder_column fusion-builder-column-11 fusion_builder_column_1_5 1_5 fusion-one-fifth fusion-column-inner-bg-wrapper\" style=\"width:20%;width:calc(20% - ( ( 0px + 0px + 0px + 0px ) * 0.2 ) );margin-right: 0px;margin-top:0px;margin-bottom:0px;\"><div class=\"fusion-column-wrapper fusion-flex-column-wrapper-legacy\" style=\"padding: 35% 40px 35% 40px;\"><div class=\"fusion-text fusion-text-8\"><h2 style=\"text-align: center; font-size: 45px; margin: 0px;\">Wine Tour<\/h2>\n<\/div><div class=\"fusion-clearfix\"><\/div><\/div><span class=\"fusion-column-inner-bg hover-type-zoomout\"><a class=\"fusion-column-anchor\" href=\"https:\/\/locandasansilvestro.ch\/cose-belle-da-fare\/wine-tour-e-gastronomia\/\"><span class=\"fusion-column-inner-bg-image\" style=\"background-color:rgba(220,215,195,0.8);background-position:center center;background-repeat:no-repeat;-webkit-background-size:cover;-moz-background-size:cover;-o-background-size:cover;background-size:cover;\"><\/span><\/a><\/span><\/div><div class=\"fusion-layout-column fusion_builder_column fusion-builder-column-12 fusion_builder_column_1_5 1_5 fusion-one-fifth fusion-column-last fusion-column-inner-bg-wrapper\" style=\"width:20%;width:calc(20% - ( ( 0px + 0px + 0px + 0px ) * 0.2 ) );margin-top:0px;margin-bottom:0px;\"><div class=\"fusion-column-wrapper fusion-flex-column-wrapper-legacy\" style=\"padding: 35% 40px 35% 40px;\"><div class=\"fusion-text fusion-text-9\"><h2 style=\"text-align: center; font-size: 45px; margin: 0px;\"><span style=\"color: #ffffff;\">Kunst und Kultur<\/span><\/h2>\n<\/div><div class=\"fusion-clearfix\"><\/div><\/div><span class=\"fusion-column-inner-bg hover-type-zoomout\"><a class=\"fusion-column-anchor\" href=\"https:\/\/locandasansilvestro.ch\/de\/schoene-unternehmungen\/kunst-und-kultur\/\"><span class=\"fusion-column-inner-bg-image\" style=\"background-color:rgba(209,71,71,0.8);background-position:center center;background-repeat:no-repeat;-webkit-background-size:cover;-moz-background-size:cover;-o-background-size:cover;background-size:cover;\"><\/span><\/a><\/span><\/div><\/div><\/div>\n<\/p>\n","protected":false},"excerpt":{"rendered":"","protected":false},"author":2,"featured_media":1172,"parent":1792,"menu_order":0,"comment_status":"closed","ping_status":"closed","template":"100-width.php","meta":[],"yoast_head":"<!-- This site is optimized with the Yoast SEO plugin v17.8 - https:\/\/yoast.com\/wordpress\/plugins\/seo\/ -->\n<title>Radfahren - Locanda San Silvestro Meride<\/title>\n<meta name=\"robots\" content=\"index, follow, max-snippet:-1, max-image-preview:large, max-video-preview:-1\" \/>\n<link rel=\"canonical\" href=\"https:\/\/locandasansilvestro.ch\/de\/schoene-unternehmungen\/radfahren\/\" \/>\n<meta property=\"og:locale\" content=\"de_DE\" \/>\n<meta property=\"og:type\" content=\"article\" \/>\n<meta property=\"og:title\" content=\"Radfahren - Locanda San Silvestro Meride\" \/>\n<meta property=\"og:url\" content=\"https:\/\/locandasansilvestro.ch\/de\/schoene-unternehmungen\/radfahren\/\" \/>\n<meta property=\"og:site_name\" content=\"Locanda San Silvestro Meride\" \/>\n<meta property=\"article:modified_time\" content=\"2022-09-28T14:08:55+00:00\" \/>\n<meta property=\"og:image\" content=\"https:\/\/locandasansilvestro.ch\/wp-content\/uploads\/2020\/10\/cicloturismo-up.jpg\" \/>\n\t<meta property=\"og:image:width\" content=\"1600\" \/>\n\t<meta property=\"og:image:height\" content=\"871\" \/>\n<meta name=\"twitter:card\" content=\"summary_large_image\" \/>\n<meta name=\"twitter:label1\" content=\"Gesch\u00e4tzte Lesezeit\" \/>\n\t<meta name=\"twitter:data1\" content=\"6 Minuten\" \/>\n<script type=\"application\/ld+json\" class=\"yoast-schema-graph\">{\"@context\":\"https:\/\/schema.org\",\"@graph\":[{\"@type\":\"WebSite\",\"@id\":\"https:\/\/locandasansilvestro.ch\/#website\",\"url\":\"https:\/\/locandasansilvestro.ch\/\",\"name\":\"Locanda San Silvestro Meride\",\"description\":\"La locanda del tempo ritrovato\",\"potentialAction\":[{\"@type\":\"SearchAction\",\"target\":{\"@type\":\"EntryPoint\",\"urlTemplate\":\"https:\/\/locandasansilvestro.ch\/?s={search_term_string}\"},\"query-input\":\"required name=search_term_string\"}],\"inLanguage\":\"de-DE\"},{\"@type\":\"ImageObject\",\"@id\":\"https:\/\/locandasansilvestro.ch\/de\/schoene-unternehmungen\/radfahren\/#primaryimage\",\"inLanguage\":\"de-DE\",\"url\":\"https:\/\/locandasansilvestro.ch\/wp-content\/uploads\/2020\/10\/cicloturismo-up.jpg\",\"contentUrl\":\"https:\/\/locandasansilvestro.ch\/wp-content\/uploads\/2020\/10\/cicloturismo-up.jpg\",\"width\":1600,\"height\":871},{\"@type\":\"WebPage\",\"@id\":\"https:\/\/locandasansilvestro.ch\/de\/schoene-unternehmungen\/radfahren\/#webpage\",\"url\":\"https:\/\/locandasansilvestro.ch\/de\/schoene-unternehmungen\/radfahren\/\",\"name\":\"Radfahren - Locanda San Silvestro Meride\",\"isPartOf\":{\"@id\":\"https:\/\/locandasansilvestro.ch\/#website\"},\"primaryImageOfPage\":{\"@id\":\"https:\/\/locandasansilvestro.ch\/de\/schoene-unternehmungen\/radfahren\/#primaryimage\"},\"datePublished\":\"2019-06-25T09:32:21+00:00\",\"dateModified\":\"2022-09-28T14:08:55+00:00\",\"breadcrumb\":{\"@id\":\"https:\/\/locandasansilvestro.ch\/de\/schoene-unternehmungen\/radfahren\/#breadcrumb\"},\"inLanguage\":\"de-DE\",\"potentialAction\":[{\"@type\":\"ReadAction\",\"target\":[\"https:\/\/locandasansilvestro.ch\/de\/schoene-unternehmungen\/radfahren\/\"]}]},{\"@type\":\"BreadcrumbList\",\"@id\":\"https:\/\/locandasansilvestro.ch\/de\/schoene-unternehmungen\/radfahren\/#breadcrumb\",\"itemListElement\":[{\"@type\":\"ListItem\",\"position\":1,\"name\":\"Home\",\"item\":\"https:\/\/locandasansilvestro.ch\/de\/\"},{\"@type\":\"ListItem\",\"position\":2,\"name\":\"Sch\\u00f6ne Unternehmungen\",\"item\":\"https:\/\/locandasansilvestro.ch\/de\/schoene-unternehmungen\/\"},{\"@type\":\"ListItem\",\"position\":3,\"name\":\"Radfahren\"}]}]}<\/script>\n<!-- \/ Yoast SEO plugin. -->","yoast_head_json":{"title":"Radfahren - Locanda San Silvestro Meride","robots":{"index":"index","follow":"follow","max-snippet":"max-snippet:-1","max-image-preview":"max-image-preview:large","max-video-preview":"max-video-preview:-1"},"canonical":"https:\/\/locandasansilvestro.ch\/de\/schoene-unternehmungen\/radfahren\/","og_locale":"de_DE","og_type":"article","og_title":"Radfahren - Locanda San Silvestro Meride","og_url":"https:\/\/locandasansilvestro.ch\/de\/schoene-unternehmungen\/radfahren\/","og_site_name":"Locanda San Silvestro Meride","article_modified_time":"2022-09-28T14:08:55+00:00","og_image":[{"width":1600,"height":871,"url":"https:\/\/locandasansilvestro.ch\/wp-content\/uploads\/2020\/10\/cicloturismo-up.jpg","type":"image\/jpeg"}],"twitter_card":"summary_large_image","twitter_misc":{"Gesch\u00e4tzte Lesezeit":"6 Minuten"},"schema":{"@context":"https:\/\/schema.org","@graph":[{"@type":"WebSite","@id":"https:\/\/locandasansilvestro.ch\/#website","url":"https:\/\/locandasansilvestro.ch\/","name":"Locanda San Silvestro Meride","description":"La locanda del tempo ritrovato","potentialAction":[{"@type":"SearchAction","target":{"@type":"EntryPoint","urlTemplate":"https:\/\/locandasansilvestro.ch\/?s={search_term_string}"},"query-input":"required name=search_term_string"}],"inLanguage":"de-DE"},{"@type":"ImageObject","@id":"https:\/\/locandasansilvestro.ch\/de\/schoene-unternehmungen\/radfahren\/#primaryimage","inLanguage":"de-DE","url":"https:\/\/locandasansilvestro.ch\/wp-content\/uploads\/2020\/10\/cicloturismo-up.jpg","contentUrl":"https:\/\/locandasansilvestro.ch\/wp-content\/uploads\/2020\/10\/cicloturismo-up.jpg","width":1600,"height":871},{"@type":"WebPage","@id":"https:\/\/locandasansilvestro.ch\/de\/schoene-unternehmungen\/radfahren\/#webpage","url":"https:\/\/locandasansilvestro.ch\/de\/schoene-unternehmungen\/radfahren\/","name":"Radfahren - Locanda San Silvestro Meride","isPartOf":{"@id":"https:\/\/locandasansilvestro.ch\/#website"},"primaryImageOfPage":{"@id":"https:\/\/locandasansilvestro.ch\/de\/schoene-unternehmungen\/radfahren\/#primaryimage"},"datePublished":"2019-06-25T09:32:21+00:00","dateModified":"2022-09-28T14:08:55+00:00","breadcrumb":{"@id":"https:\/\/locandasansilvestro.ch\/de\/schoene-unternehmungen\/radfahren\/#breadcrumb"},"inLanguage":"de-DE","potentialAction":[{"@type":"ReadAction","target":["https:\/\/locandasansilvestro.ch\/de\/schoene-unternehmungen\/radfahren\/"]}]},{"@type":"BreadcrumbList","@id":"https:\/\/locandasansilvestro.ch\/de\/schoene-unternehmungen\/radfahren\/#breadcrumb","itemListElement":[{"@type":"ListItem","position":1,"name":"Home","item":"https:\/\/locandasansilvestro.ch\/de\/"},{"@type":"ListItem","position":2,"name":"Sch\u00f6ne Unternehmungen","item":"https:\/\/locandasansilvestro.ch\/de\/schoene-unternehmungen\/"},{"@type":"ListItem","position":3,"name":"Radfahren"}]}]}},"_links":{"self":[{"href":"https:\/\/locandasansilvestro.ch\/de\/wp-json\/wp\/v2\/pages\/1808"}],"collection":[{"href":"https:\/\/locandasansilvestro.ch\/de\/wp-json\/wp\/v2\/pages"}],"about":[{"href":"https:\/\/locandasansilvestro.ch\/de\/wp-json\/wp\/v2\/types\/page"}],"author":[{"embeddable":true,"href":"https:\/\/locandasansilvestro.ch\/de\/wp-json\/wp\/v2\/users\/2"}],"replies":[{"embeddable":true,"href":"https:\/\/locandasansilvestro.ch\/de\/wp-json\/wp\/v2\/comments?post=1808"}],"version-history":[{"count":5,"href":"https:\/\/locandasansilvestro.ch\/de\/wp-json\/wp\/v2\/pages\/1808\/revisions"}],"predecessor-version":[{"id":2642,"href":"https:\/\/locandasansilvestro.ch\/de\/wp-json\/wp\/v2\/pages\/1808\/revisions\/2642"}],"up":[{"embeddable":true,"href":"https:\/\/locandasansilvestro.ch\/de\/wp-json\/wp\/v2\/pages\/1792"}],"wp:featuredmedia":[{"embeddable":true,"href":"https:\/\/locandasansilvestro.ch\/de\/wp-json\/wp\/v2\/media\/1172"}],"wp:attachment":[{"href":"https:\/\/locandasansilvestro.ch\/de\/wp-json\/wp\/v2\/media?parent=1808"}],"curies":[{"name":"wp","href":"https:\/\/api.w.org\/{rel}","templated":true}]}}