{"id":1746,"date":"2019-06-18T15:08:21","date_gmt":"2019-06-18T13:08:21","guid":{"rendered":"https:\/\/locandasansilvestro.ch\/die-locanda\/wiederherstellung\/"},"modified":"2020-12-19T14:05:00","modified_gmt":"2020-12-19T13:05:00","slug":"wiederherstellung","status":"publish","type":"page","link":"https:\/\/locandasansilvestro.ch\/de\/die-locanda\/wiederherstellung\/","title":{"rendered":"\u00a0Wiederherstellung"},"content":{"rendered":"<p><div class=\"fusion-fullwidth fullwidth-box fusion-builder-row-1 fusion-parallax-none hundred-percent-fullwidth non-hundred-percent-height-scrolling\" style=\"background-color: rgba(255,255,255,0);background-image: url(&quot;https:\/\/locandasansilvestro.ch\/wp-content\/uploads\/2020\/10\/restauro-up.jpg&quot;);background-position: center center;background-repeat: no-repeat;padding-top:43%;padding-right:60px;padding-bottom:30px;padding-left:0px;margin-bottom: 0px;margin-top: 0px;border-width: 0px 0px 0px 0px;border-color:#eae9e9;border-style:solid;-webkit-background-size:cover;-moz-background-size:cover;-o-background-size:cover;background-size:cover;\" ><div class=\"fusion-builder-row fusion-row\"><div class=\"fusion-layout-column fusion_builder_column fusion-builder-column-0 fusion_builder_column_1_6 1_6 fusion-one-sixth fusion-column-first fusion-column-no-min-height\" style=\"width:16.666666666667%;width:calc(16.666666666667% - ( ( 0px + 0px ) * 0.16666666666667 ) );margin-right: 0px;margin-top:0px;margin-bottom:0px;\"><div class=\"fusion-column-wrapper fusion-flex-column-wrapper-legacy\" style=\"background-position:center bottom;background-repeat:no-repeat;-webkit-background-size:cover;-moz-background-size:cover;-o-background-size:cover;background-size:cover;padding: 60px 15px 0px 0px;\"><span class=\" fusion-imageframe imageframe-none imageframe-1 hover-type-none\" style=\"margin-left:25px;float:right;\"><img width=\"150\" height=\"78\" title=\"line-q2\" src=\"https:\/\/locandasansilvestro.ch\/wp-content\/uploads\/2019\/05\/line-q2.png\" class=\"img-responsive wp-image-996\"\/><\/span><div class=\"fusion-clearfix\"><\/div><\/div><\/div><div class=\"fusion-layout-column fusion_builder_column fusion-builder-column-1 fusion_builder_column_1_2 1_2 fusion-one-half\" style=\"width:50%;width:calc(50% - ( ( 0px + 0px ) * 0.5 ) );margin-right: 0px;margin-top:0px;margin-bottom:20px;\"><div class=\"fusion-column-wrapper fusion-flex-column-wrapper-legacy\" style=\"background-position:left top;background-repeat:no-repeat;-webkit-background-size:cover;-moz-background-size:cover;-o-background-size:cover;background-size:cover;padding: 0px 0px 0px 0px;\"><div class=\"fusion-text fusion-text-1\"><h1><span style=\"color: #ffffff;\">\u00a0Wiederherstellung<\/span><\/h1>\n<pre id=\"tw-target-text\" class=\"tw-data-text tw-text-large XcVN5d tw-ta\" dir=\"ltr\" data-placeholder=\"Traduzione\"><\/pre>\n<\/div><div class=\"fusion-clearfix\"><\/div><\/div><\/div><div class=\"fusion-layout-column fusion_builder_column fusion-builder-column-2 fusion_builder_column_1_6 1_6 fusion-one-sixth fusion-column-last fusion-column-no-min-height\" style=\"width:16.666666666667%;width:calc(16.666666666667% - ( ( 0px + 0px ) * 0.16666666666667 ) );margin-top:0px;margin-bottom:0px;\"><div class=\"fusion-column-wrapper fusion-flex-column-wrapper-legacy\" style=\"background-position:center bottom;background-repeat:no-repeat;-webkit-background-size:cover;-moz-background-size:cover;-o-background-size:cover;background-size:cover;padding: 60px 15px 0px 0px;\"><span class=\" fusion-imageframe imageframe-none imageframe-2 hover-type-none\"><img width=\"150\" height=\"78\" title=\"line-q2\" src=\"https:\/\/locandasansilvestro.ch\/wp-content\/uploads\/2019\/05\/line-q2.png\" class=\"img-responsive wp-image-996\"\/><\/span><div class=\"fusion-clearfix\"><\/div><\/div><\/div><\/div><\/div><div class=\"fusion-fullwidth fullwidth-box fusion-builder-row-2 nonhundred-percent-fullwidth non-hundred-percent-height-scrolling\" style=\"background-color: rgba(255,255,255,0);background-position: center center;background-repeat: no-repeat;padding-top:0px;padding-right:0px;padding-bottom:0px;padding-left:0px;margin-bottom: 0px;margin-top: 20px;border-width: 0px 0px 0px 0px;border-color:#eae9e9;border-style:solid;\" ><div class=\"fusion-builder-row fusion-row\"><div class=\"fusion-layout-column fusion_builder_column fusion-builder-column-3 fusion_builder_column_1_1 1_1 fusion-one-full fusion-column-first fusion-column-last\" style=\"margin-top:0px;margin-bottom:20px;\"><div class=\"fusion-column-wrapper fusion-flex-column-wrapper-legacy\" style=\"background-position:left top;background-repeat:no-repeat;-webkit-background-size:cover;-moz-background-size:cover;-o-background-size:cover;background-size:cover;padding: 0px 0px 0px 0px;\"><div class=\"fusion-text fusion-text-2\"><div class=\"breadcrumb\" itemprop=\"breadcrumb\"><span><span><a href=\"https:\/\/locandasansilvestro.ch\/de\/\">Home<\/a><\/span><\/div>\n<\/div><div class=\"fusion-clearfix\"><\/div><\/div><\/div><\/div><\/div><div class=\"fusion-fullwidth fullwidth-box fusion-builder-row-3 nonhundred-percent-fullwidth non-hundred-percent-height-scrolling\" style=\"background-color: rgba(255,255,255,0);background-position: center center;background-repeat: no-repeat;padding-top:0px;padding-right:60px;padding-bottom:0px;padding-left:60px;margin-bottom: 0px;margin-top: 40px;border-width: 0px 0px 0px 0px;border-color:#eae9e9;border-style:solid;\" ><div class=\"fusion-builder-row fusion-row\"><div class=\"fusion-layout-column fusion_builder_column fusion-builder-column-4 fusion_builder_column_3_5 3_5 fusion-three-fifth fusion-column-first\" style=\"width:60%;width:calc(60% - ( ( 4% ) * 0.6 ) );margin-right: 4%;margin-top:0px;margin-bottom:20px;\"><div class=\"fusion-column-wrapper fusion-flex-column-wrapper-legacy\" style=\"background-position:left top;background-repeat:no-repeat;-webkit-background-size:cover;-moz-background-size:cover;-o-background-size:cover;background-size:cover;padding: 0px 0px 0px 0px;\"><div class=\"fusion-text fusion-text-3\"><h2><span style=\"color: #747f2e;\">Bei Der Restaurierung wurden Atmosph\u00e4re und Architektur des historischen Geb\u00e4udes bewahrt<\/span><\/h2>\n<div><\/div>\n<\/div><div class=\"fusion-clearfix\"><\/div><\/div><\/div><div class=\"fusion-layout-column fusion_builder_column fusion-builder-column-5 fusion_builder_column_2_5 2_5 fusion-two-fifth fusion-column-last\" style=\"width:40%;width:calc(40% - ( ( 4% ) * 0.4 ) );margin-top:0px;margin-bottom:0px;\"><div class=\"fusion-column-wrapper fusion-flex-column-wrapper-legacy\" style=\"background-position:left top;background-repeat:no-repeat;-webkit-background-size:cover;-moz-background-size:cover;-o-background-size:cover;background-size:cover;padding: 0px 0px 0px 0px;\"><div class=\"fusion-clearfix\"><\/div><\/div><\/div><div class=\"fusion-layout-column fusion_builder_column fusion-builder-column-6 fusion_builder_column_1_6 1_6 fusion-one-sixth fusion-column-first\" style=\"width:16.666666666667%;width:calc(16.666666666667% - ( ( 0px ) * 0.16666666666667 ) );margin-right: 0px;margin-top:0px;margin-bottom:0px;\"><div class=\"fusion-column-wrapper fusion-flex-column-wrapper-legacy\" style=\"background-position:left top;background-repeat:no-repeat;-webkit-background-size:cover;-moz-background-size:cover;-o-background-size:cover;background-size:cover;padding: 0px 0px 0px 0px;\"><div class=\"fusion-clearfix\"><\/div><\/div><\/div><div class=\"fusion-layout-column fusion_builder_column fusion-builder-column-7 fusion_builder_column_1_2 1_2 fusion-one-half fusion-column-last\" style=\"width:50%;width:calc(50% - ( ( 0px ) * 0.5 ) );margin-top:0px;margin-bottom:20px;\"><div class=\"fusion-column-wrapper fusion-flex-column-wrapper-legacy\" style=\"background-position:left top;background-repeat:no-repeat;-webkit-background-size:cover;-moz-background-size:cover;-o-background-size:cover;background-size:cover;padding: 0px 0px 0px 0px;\"><div class=\"fusion-text fusion-text-4\"><p>eine alte b\u00e4uerliche Behausung des 18. Jahrhunderts im Ortszentrum, charakterisiert durch Nischen und labyrinthartige Treppen, die sich zu weiten Loggien \u00f6ffnen, in denen fr\u00fcher Maiskolben und Tabakbl\u00e4tter getrocknet wurden. Die Zimmer sind lichtdurchflutet und bieten Ausblick auf die umgebende Natur.<\/p>\n<p>Um die Historie des Hauses zu respektieren, wurden die Originalelemente bewahrt. Die Decken und Fussb\u00f6den aus Terrakotta des 18. Jahrhunderts wurden ebenso restauriert wie die Steinw\u00e4nde, die Decken mit den Kastanienbalken, die S\u00e4uleng\u00e4nge und Originalb\u00f6gen, die von den &#8222;picasass&#8220; aus Meride des 18. Jahrhunderts geschaffen wurden, und der Keller mit dem antiken Bergquellwasser-Brunnen aus gebogenen Steinen, hergestellt in Handarbeit.<\/p>\n<p>Die alten Fundamente einer mittelalterlichen Festung mit steinernen Mauern und Dachgew\u00f6lbe wurden saniert, wiederer\u00f6ffnet und in eine Wellnesszone verwandelt.<\/p>\n<p>Eine Pergola der Weinrebe Isabella, die vor \u00fcber 100 Jahren gepflanzt wurde, empf\u00e4ngt die G\u00e4ste am Eingang zum Hof: So wie sie gehegt und gepflegt wurde, ist sie Symbol f\u00fcr die besondere Wertsch\u00e4tzung von Leben und Sch\u00f6nheit, die die Locanda auszeichnet.<\/p>\n<p>Alle Umbauarbeiten hatten zum Ziel, das nat\u00fcrliche Ambiente der Struktur zu respektieren und gleichzeitig den G\u00e4sten h\u00f6chsten Komfort zu garantieren.<\/p>\n<\/div><style type=\"text\/css\">#accordion-1746-1 .fusion-panel:hover, #accordion-1746-1 .fusion-panel.hover{ background-color: #f9f9f9 } #accordion-1746-1 .fusion-panel { border-color:#cccccc; border-width:1px; background-color:#ffffff; }.fusion-accordian  #accordion-1746-1 .panel-title a .fa-fusion-box{ color: #ffffff;}.fusion-accordian  #accordion-1746-1 .panel-title a .fa-fusion-box:before{ font-size: 13px; width: 13px;}.fusion-accordian  #accordion-1746-1 .panel-title a{font-size:24px;}.fusion-accordian  #accordion-1746-1 .fa-fusion-box { background-color: #333333;border-color: #333333;}.fusion-accordian  #accordion-1746-1 .panel-title a:hover, #accordion-1746-1 .fusion-toggle-boxed-mode:hover .panel-title a { color: #9e9e9e;}.fusion-accordian  #accordion-1746-1 .panel-title .active .fa-fusion-box,.fusion-accordian  #accordion-1746-1 .panel-title a:hover .fa-fusion-box { background-color: #9e9e9e!important;border-color: #9e9e9e!important;}<\/style><div class=\"accordian fusion-accordian\"><div class=\"panel-group\" id=\"accordion-1746-1\"><div class=\"fusion-panel panel-default fusion-toggle-no-divider fusion-toggle-boxed-mode\"><div class=\"panel-heading\"><h4 class=\"panel-title toggle\"><a aria-expanded=\"false\" aria-controls=\"12bd5d94e736f38f4\" role=\"button\" data-toggle=\"collapse\" data-target=\"#12bd5d94e736f38f4\" href=\"#12bd5d94e736f38f4\"><span class=\"fusion-toggle-icon-wrapper\" aria-hidden=\"true\"><i class=\"fa-fusion-box\" aria-hidden=\"true\"><\/i><\/span><span class=\"fusion-toggle-heading\">Das Projekt architektonischen<\/span><\/a><\/h4><\/div><div id=\"12bd5d94e736f38f4\" class=\"panel-collapse collapse \"><div class=\"panel-body toggle-content fusion-clearfix\">\n<p>Entwickelt wurde das Projekt von den Architekten Omar Berri-Studio R19, Mailand, und Ambrogio Grassi-Studio Grac, Mendrisio, gem\u00e4ss einer philologischen Logik, die auf einer zeitgem\u00e4ssen, architektonischen Vision basiert, unter besonderer Beachtung des Gleichgewichts zwischen Wahrung der Historie und Funktionalit\u00e4t eines \u00f6ffentlichen Geb\u00e4udes.<\/p>\n<ul>\n<li><strong>Boffi, Cesana , Cielo<\/strong> Lieferung von Sanit\u00e4ranlagen, Armaturen und Duschen.<\/li>\n<li><strong>Pietro Calderari<\/strong> Aufsicht \u00fcber Baustelle, alle strukturellen und baulichen T\u00e4tigkeiten sowie Konservierungsarbeiten, mit viel Leidenschaft f\u00fcr das Projekt.<\/li>\n<li><strong>Danilo Fieni &amp; Figli<\/strong> Projektierung und Realisierung auf Mass der sanit\u00e4ren Anlagen und Heizanlage, dabei Focus auf Energieeinsparung und technologische L\u00f6sungen.<\/li>\n<li><strong>Jansen \u2013 Andrea Villa<\/strong> \u2013 Realisierung von Fenster und T\u00fcren mit zur\u00fcckhaltendem Erscheinungsbild und starker thermischer Wirkung<\/li>\n<li><strong>Listone Giordano<\/strong> produzierte exklusiv f\u00fcr die Locanda ein Zimmerparkett mit breiten Brettern aus Natureiche, farblich an die historische Holzdecke angepasst, aus FSC zertifiziertem, nachhaltigen Holz.<\/li>\n<li><strong>Lualdi Porte<\/strong> Installation von T\u00fcren mit dem Design Tapetent\u00fcr und REI.<\/li>\n<li><strong>Mapei<\/strong> verantwortlich f\u00fcr St\u00e4rkung der alten B\u00f6den aus dem 18. Jahrhundert durch Verwendung eines speziellen Verbundklebers, chemische Verankerungen und Metallgitternetzen, die in den W\u00e4nden fixiert wurden.<\/li>\n<li><strong>Milena Maesani Restauri<\/strong> Wiederherstellung der marmorierten Wandfarben in den Zimmern gem\u00e4ss alter Tradition sowie der Fussb\u00f6den aus Cocciopeste in den B\u00e4dern. Restaurierung der Terrakotta- und Holzelemente der Decken aus dem 18. Jahrhundert und der alten Steinw\u00e4nde.<\/li>\n<li><strong>Schick Roberto <\/strong>Einrichtung und Pflege von Pflanzen<\/li>\n<li><strong>Spinelli<\/strong> Projektierung und Realisierung der elektrischen Anlagen sowie Datenverarbeitung f\u00fcr die innovative Heimautomatisierung auf Hotelstandard.<\/li>\n<li><strong>Atelier Marina Cardis<\/strong> Entwurf des Innendesigns und der Ausstattung der gesamten Struktur<\/li>\n<li><strong>Marco Tortoioli Ricci<\/strong> e <strong>Tommaso Anceschi<\/strong> Art Directors, die das Erscheinungsbild der Locanda durch Wiederherstellung der Atmosph\u00e4re der historischen Orte entwarfen.<\/li>\n<\/ul>\n<\/div><\/div><\/div><\/div><\/div><div class=\"fusion-clearfix\"><\/div><\/div><\/div><\/div><\/div><div class=\"fusion-fullwidth fullwidth-box fusion-builder-row-4 hundred-percent-fullwidth non-hundred-percent-height-scrolling fusion-equal-height-columns\" style=\"background-color: rgba(255,255,255,0);background-position: center center;background-repeat: no-repeat;padding-top:0px;padding-right:60px;padding-bottom:0px;padding-left:60px;margin-bottom: 0px;margin-top: 60px;border-width: 0px 0px 0px 0px;border-color:#eae9e9;border-style:solid;\" ><div class=\"fusion-builder-row fusion-row\"><div class=\"fusion-layout-column fusion_builder_column fusion-builder-column-8 fusion_builder_column_1_1 1_1 fusion-one-full fusion-column-first fusion-column-last\" style=\"margin-top:0px;margin-bottom:20px;\"><div class=\"fusion-column-wrapper fusion-flex-column-wrapper-legacy\" style=\"background-position:left top;background-repeat:no-repeat;-webkit-background-size:cover;-moz-background-size:cover;-o-background-size:cover;background-size:cover;padding: 0px 0px 0px 0px;\"><style type=\"text\/css\">.fusion-gallery-1 .fusion-gallery-image {border:0px solid #f6f6f6;}<\/style><div class=\"fusion-gallery fusion-gallery-container fusion-grid-2 fusion-columns-total-2 fusion-gallery-layout-grid fusion-gallery-1\" style=\"margin:-5px;\"><div style=\"padding:5px;\" class=\"fusion-grid-column fusion-gallery-column fusion-gallery-column-2 hover-type-none\"><div class=\"fusion-gallery-image\"><a href=\"https:\/\/locandasansilvestro.ch\/wp-content\/uploads\/2020\/10\/restauro-01.jpg\" rel=\"noreferrer\" data-rel=\"iLightbox[gallery_image_1]\" class=\"fusion-lightbox\" target=\"_self\"><img src=\"https:\/\/locandasansilvestro.ch\/wp-content\/uploads\/2020\/10\/restauro-01.jpg\" width=\"1200\" height=\"1006\" alt=\"\" title=\"restauro-01\" aria-label=\"restauro-01\" class=\"img-responsive wp-image-796\" srcset=\"https:\/\/locandasansilvestro.ch\/wp-content\/uploads\/2020\/10\/restauro-01-200x168.jpg 200w, https:\/\/locandasansilvestro.ch\/wp-content\/uploads\/2020\/10\/restauro-01-400x335.jpg 400w, https:\/\/locandasansilvestro.ch\/wp-content\/uploads\/2020\/10\/restauro-01-600x503.jpg 600w, https:\/\/locandasansilvestro.ch\/wp-content\/uploads\/2020\/10\/restauro-01-800x671.jpg 800w, https:\/\/locandasansilvestro.ch\/wp-content\/uploads\/2020\/10\/restauro-01.jpg 1200w\" sizes=\"(min-width: 2200px) 100vw, (min-width: 712px) 548px, (min-width: 640px) 712px, \" \/><\/a><\/div><\/div><div style=\"padding:5px;\" class=\"fusion-grid-column fusion-gallery-column fusion-gallery-column-2 hover-type-none\"><div class=\"fusion-gallery-image\"><a href=\"https:\/\/locandasansilvestro.ch\/wp-content\/uploads\/2020\/10\/restauro-02.jpg\" rel=\"noreferrer\" data-rel=\"iLightbox[gallery_image_1]\" class=\"fusion-lightbox\" target=\"_self\"><img src=\"https:\/\/locandasansilvestro.ch\/wp-content\/uploads\/2020\/10\/restauro-02.jpg\" width=\"1200\" height=\"1006\" alt=\"\" title=\"restauro-02\" aria-label=\"restauro-02\" class=\"img-responsive wp-image-797\" srcset=\"https:\/\/locandasansilvestro.ch\/wp-content\/uploads\/2020\/10\/restauro-02-200x168.jpg 200w, https:\/\/locandasansilvestro.ch\/wp-content\/uploads\/2020\/10\/restauro-02-400x335.jpg 400w, https:\/\/locandasansilvestro.ch\/wp-content\/uploads\/2020\/10\/restauro-02-600x503.jpg 600w, https:\/\/locandasansilvestro.ch\/wp-content\/uploads\/2020\/10\/restauro-02-800x671.jpg 800w, https:\/\/locandasansilvestro.ch\/wp-content\/uploads\/2020\/10\/restauro-02.jpg 1200w\" sizes=\"(min-width: 2200px) 100vw, (min-width: 712px) 548px, (min-width: 640px) 712px, \" \/><\/a><\/div><\/div><div class=\"clearfix\"><\/div><\/div><div class=\"fusion-clearfix\"><\/div><\/div><\/div><\/div><\/div><\/p>\n","protected":false},"excerpt":{"rendered":"","protected":false},"author":2,"featured_media":1064,"parent":1494,"menu_order":0,"comment_status":"closed","ping_status":"closed","template":"100-width.php","meta":[],"yoast_head":"<!-- This site is optimized with the Yoast SEO plugin v17.8 - https:\/\/yoast.com\/wordpress\/plugins\/seo\/ -->\n<title>\u00a0Wiederherstellung - Locanda San Silvestro Meride<\/title>\n<meta name=\"robots\" content=\"index, follow, max-snippet:-1, max-image-preview:large, max-video-preview:-1\" \/>\n<link rel=\"canonical\" href=\"https:\/\/locandasansilvestro.ch\/de\/die-locanda\/wiederherstellung\/\" \/>\n<meta property=\"og:locale\" content=\"de_DE\" \/>\n<meta property=\"og:type\" content=\"article\" \/>\n<meta property=\"og:title\" content=\"\u00a0Wiederherstellung - Locanda San Silvestro Meride\" \/>\n<meta property=\"og:url\" content=\"https:\/\/locandasansilvestro.ch\/de\/die-locanda\/wiederherstellung\/\" \/>\n<meta property=\"og:site_name\" content=\"Locanda San Silvestro Meride\" \/>\n<meta property=\"article:modified_time\" content=\"2020-12-19T13:05:00+00:00\" \/>\n<meta property=\"og:image\" content=\"https:\/\/locandasansilvestro.ch\/wp-content\/uploads\/2020\/10\/restauro-up.jpg\" \/>\n\t<meta property=\"og:image:width\" content=\"1600\" \/>\n\t<meta property=\"og:image:height\" content=\"871\" \/>\n<meta name=\"twitter:card\" content=\"summary_large_image\" \/>\n<meta name=\"twitter:label1\" content=\"Gesch\u00e4tzte Lesezeit\" \/>\n\t<meta name=\"twitter:data1\" content=\"13 Minuten\" \/>\n<script type=\"application\/ld+json\" class=\"yoast-schema-graph\">{\"@context\":\"https:\/\/schema.org\",\"@graph\":[{\"@type\":\"WebSite\",\"@id\":\"https:\/\/locandasansilvestro.ch\/#website\",\"url\":\"https:\/\/locandasansilvestro.ch\/\",\"name\":\"Locanda San Silvestro Meride\",\"description\":\"La locanda del tempo ritrovato\",\"potentialAction\":[{\"@type\":\"SearchAction\",\"target\":{\"@type\":\"EntryPoint\",\"urlTemplate\":\"https:\/\/locandasansilvestro.ch\/?s={search_term_string}\"},\"query-input\":\"required name=search_term_string\"}],\"inLanguage\":\"de-DE\"},{\"@type\":\"ImageObject\",\"@id\":\"https:\/\/locandasansilvestro.ch\/de\/die-locanda\/wiederherstellung\/#primaryimage\",\"inLanguage\":\"de-DE\",\"url\":\"https:\/\/locandasansilvestro.ch\/wp-content\/uploads\/2020\/10\/restauro-up.jpg\",\"contentUrl\":\"https:\/\/locandasansilvestro.ch\/wp-content\/uploads\/2020\/10\/restauro-up.jpg\",\"width\":1600,\"height\":871},{\"@type\":\"WebPage\",\"@id\":\"https:\/\/locandasansilvestro.ch\/de\/die-locanda\/wiederherstellung\/#webpage\",\"url\":\"https:\/\/locandasansilvestro.ch\/de\/die-locanda\/wiederherstellung\/\",\"name\":\"\\u00a0Wiederherstellung - Locanda San Silvestro Meride\",\"isPartOf\":{\"@id\":\"https:\/\/locandasansilvestro.ch\/#website\"},\"primaryImageOfPage\":{\"@id\":\"https:\/\/locandasansilvestro.ch\/de\/die-locanda\/wiederherstellung\/#primaryimage\"},\"datePublished\":\"2019-06-18T13:08:21+00:00\",\"dateModified\":\"2020-12-19T13:05:00+00:00\",\"breadcrumb\":{\"@id\":\"https:\/\/locandasansilvestro.ch\/de\/die-locanda\/wiederherstellung\/#breadcrumb\"},\"inLanguage\":\"de-DE\",\"potentialAction\":[{\"@type\":\"ReadAction\",\"target\":[\"https:\/\/locandasansilvestro.ch\/de\/die-locanda\/wiederherstellung\/\"]}]},{\"@type\":\"BreadcrumbList\",\"@id\":\"https:\/\/locandasansilvestro.ch\/de\/die-locanda\/wiederherstellung\/#breadcrumb\",\"itemListElement\":[{\"@type\":\"ListItem\",\"position\":1,\"name\":\"Home\",\"item\":\"https:\/\/locandasansilvestro.ch\/de\/\"},{\"@type\":\"ListItem\",\"position\":2,\"name\":\"Die Locanda\",\"item\":\"https:\/\/locandasansilvestro.ch\/de\/die-locanda\/\"},{\"@type\":\"ListItem\",\"position\":3,\"name\":\"\\u00a0Wiederherstellung\"}]}]}<\/script>\n<!-- \/ Yoast SEO plugin. -->","yoast_head_json":{"title":"\u00a0Wiederherstellung - Locanda San Silvestro Meride","robots":{"index":"index","follow":"follow","max-snippet":"max-snippet:-1","max-image-preview":"max-image-preview:large","max-video-preview":"max-video-preview:-1"},"canonical":"https:\/\/locandasansilvestro.ch\/de\/die-locanda\/wiederherstellung\/","og_locale":"de_DE","og_type":"article","og_title":"\u00a0Wiederherstellung - Locanda San Silvestro Meride","og_url":"https:\/\/locandasansilvestro.ch\/de\/die-locanda\/wiederherstellung\/","og_site_name":"Locanda San Silvestro Meride","article_modified_time":"2020-12-19T13:05:00+00:00","og_image":[{"width":1600,"height":871,"url":"https:\/\/locandasansilvestro.ch\/wp-content\/uploads\/2020\/10\/restauro-up.jpg","type":"image\/jpeg"}],"twitter_card":"summary_large_image","twitter_misc":{"Gesch\u00e4tzte Lesezeit":"13 Minuten"},"schema":{"@context":"https:\/\/schema.org","@graph":[{"@type":"WebSite","@id":"https:\/\/locandasansilvestro.ch\/#website","url":"https:\/\/locandasansilvestro.ch\/","name":"Locanda San Silvestro Meride","description":"La locanda del tempo ritrovato","potentialAction":[{"@type":"SearchAction","target":{"@type":"EntryPoint","urlTemplate":"https:\/\/locandasansilvestro.ch\/?s={search_term_string}"},"query-input":"required name=search_term_string"}],"inLanguage":"de-DE"},{"@type":"ImageObject","@id":"https:\/\/locandasansilvestro.ch\/de\/die-locanda\/wiederherstellung\/#primaryimage","inLanguage":"de-DE","url":"https:\/\/locandasansilvestro.ch\/wp-content\/uploads\/2020\/10\/restauro-up.jpg","contentUrl":"https:\/\/locandasansilvestro.ch\/wp-content\/uploads\/2020\/10\/restauro-up.jpg","width":1600,"height":871},{"@type":"WebPage","@id":"https:\/\/locandasansilvestro.ch\/de\/die-locanda\/wiederherstellung\/#webpage","url":"https:\/\/locandasansilvestro.ch\/de\/die-locanda\/wiederherstellung\/","name":"\u00a0Wiederherstellung - Locanda San Silvestro Meride","isPartOf":{"@id":"https:\/\/locandasansilvestro.ch\/#website"},"primaryImageOfPage":{"@id":"https:\/\/locandasansilvestro.ch\/de\/die-locanda\/wiederherstellung\/#primaryimage"},"datePublished":"2019-06-18T13:08:21+00:00","dateModified":"2020-12-19T13:05:00+00:00","breadcrumb":{"@id":"https:\/\/locandasansilvestro.ch\/de\/die-locanda\/wiederherstellung\/#breadcrumb"},"inLanguage":"de-DE","potentialAction":[{"@type":"ReadAction","target":["https:\/\/locandasansilvestro.ch\/de\/die-locanda\/wiederherstellung\/"]}]},{"@type":"BreadcrumbList","@id":"https:\/\/locandasansilvestro.ch\/de\/die-locanda\/wiederherstellung\/#breadcrumb","itemListElement":[{"@type":"ListItem","position":1,"name":"Home","item":"https:\/\/locandasansilvestro.ch\/de\/"},{"@type":"ListItem","position":2,"name":"Die Locanda","item":"https:\/\/locandasansilvestro.ch\/de\/die-locanda\/"},{"@type":"ListItem","position":3,"name":"\u00a0Wiederherstellung"}]}]}},"_links":{"self":[{"href":"https:\/\/locandasansilvestro.ch\/de\/wp-json\/wp\/v2\/pages\/1746"}],"collection":[{"href":"https:\/\/locandasansilvestro.ch\/de\/wp-json\/wp\/v2\/pages"}],"about":[{"href":"https:\/\/locandasansilvestro.ch\/de\/wp-json\/wp\/v2\/types\/page"}],"author":[{"embeddable":true,"href":"https:\/\/locandasansilvestro.ch\/de\/wp-json\/wp\/v2\/users\/2"}],"replies":[{"embeddable":true,"href":"https:\/\/locandasansilvestro.ch\/de\/wp-json\/wp\/v2\/comments?post=1746"}],"version-history":[{"count":5,"href":"https:\/\/locandasansilvestro.ch\/de\/wp-json\/wp\/v2\/pages\/1746\/revisions"}],"predecessor-version":[{"id":1836,"href":"https:\/\/locandasansilvestro.ch\/de\/wp-json\/wp\/v2\/pages\/1746\/revisions\/1836"}],"up":[{"embeddable":true,"href":"https:\/\/locandasansilvestro.ch\/de\/wp-json\/wp\/v2\/pages\/1494"}],"wp:featuredmedia":[{"embeddable":true,"href":"https:\/\/locandasansilvestro.ch\/de\/wp-json\/wp\/v2\/media\/1064"}],"wp:attachment":[{"href":"https:\/\/locandasansilvestro.ch\/de\/wp-json\/wp\/v2\/media?parent=1746"}],"curies":[{"name":"wp","href":"https:\/\/api.w.org\/{rel}","templated":true}]}}