{"id":1527,"date":"2019-06-19T12:11:42","date_gmt":"2019-06-19T10:11:42","guid":{"rendered":"https:\/\/locandasansilvestro.ch\/der-empfang\/"},"modified":"2020-10-27T08:24:44","modified_gmt":"2020-10-27T07:24:44","slug":"der-empfang","status":"publish","type":"page","link":"https:\/\/locandasansilvestro.ch\/de\/der-empfang\/","title":{"rendered":"Der Empfang"},"content":{"rendered":"<p><div class=\"fusion-fullwidth fullwidth-box fusion-builder-row-1 fusion-parallax-none hundred-percent-fullwidth non-hundred-percent-height-scrolling\" style=\"background-color: rgba(255,255,255,0);background-image: url(&quot;https:\/\/locandasansilvestro.ch\/wp-content\/uploads\/2020\/10\/accoglienza-up.jpg&quot;);background-position: center center;background-repeat: no-repeat;padding-top:43%;padding-right:60px;padding-bottom:30px;padding-left:0px;margin-bottom: 0px;margin-top: 0px;border-width: 0px 0px 0px 0px;border-color:#eae9e9;border-style:solid;-webkit-background-size:cover;-moz-background-size:cover;-o-background-size:cover;background-size:cover;\" ><div class=\"fusion-builder-row fusion-row\"><div class=\"fusion-layout-column fusion_builder_column fusion-builder-column-0 fusion_builder_column_1_6 1_6 fusion-one-sixth fusion-column-first fusion-column-no-min-height\" style=\"width:16.666666666667%;width:calc(16.666666666667% - ( ( 0px + 0px ) * 0.16666666666667 ) );margin-right: 0px;margin-top:0px;margin-bottom:0px;\"><div class=\"fusion-column-wrapper fusion-flex-column-wrapper-legacy\" style=\"background-position:center bottom;background-repeat:no-repeat;-webkit-background-size:cover;-moz-background-size:cover;-o-background-size:cover;background-size:cover;padding: 60px 15px 0px 0px;\"><span class=\" fusion-imageframe imageframe-none imageframe-1 hover-type-none\" style=\"margin-left:25px;float:right;\"><img width=\"150\" height=\"78\" title=\"line-q2\" src=\"https:\/\/locandasansilvestro.ch\/wp-content\/uploads\/2019\/05\/line-q2.png\" class=\"img-responsive wp-image-996\"\/><\/span><div class=\"fusion-clearfix\"><\/div><\/div><\/div><div class=\"fusion-layout-column fusion_builder_column fusion-builder-column-1 fusion_builder_column_1_2 1_2 fusion-one-half\" style=\"width:50%;width:calc(50% - ( ( 0px + 0px ) * 0.5 ) );margin-right: 0px;margin-top:0px;margin-bottom:20px;\"><div class=\"fusion-column-wrapper fusion-flex-column-wrapper-legacy\" style=\"background-position:left top;background-repeat:no-repeat;-webkit-background-size:cover;-moz-background-size:cover;-o-background-size:cover;background-size:cover;padding: 0px 0px 0px 0px;\"><div class=\"fusion-text fusion-text-1\"><h1><span style=\"color: #ffffff;\">Der Empfang<\/span><\/h1>\n<\/div><div class=\"fusion-clearfix\"><\/div><\/div><\/div><div class=\"fusion-layout-column fusion_builder_column fusion-builder-column-2 fusion_builder_column_1_6 1_6 fusion-one-sixth fusion-column-last fusion-column-no-min-height\" style=\"width:16.666666666667%;width:calc(16.666666666667% - ( ( 0px + 0px ) * 0.16666666666667 ) );margin-top:0px;margin-bottom:0px;\"><div class=\"fusion-column-wrapper fusion-flex-column-wrapper-legacy\" style=\"background-position:center bottom;background-repeat:no-repeat;-webkit-background-size:cover;-moz-background-size:cover;-o-background-size:cover;background-size:cover;padding: 60px 15px 0px 0px;\"><span class=\" fusion-imageframe imageframe-none imageframe-2 hover-type-none\"><img width=\"150\" height=\"78\" title=\"line-q2\" src=\"https:\/\/locandasansilvestro.ch\/wp-content\/uploads\/2019\/05\/line-q2.png\" class=\"img-responsive wp-image-996\"\/><\/span><div class=\"fusion-clearfix\"><\/div><\/div><\/div><\/div><\/div><div class=\"fusion-fullwidth fullwidth-box fusion-builder-row-2 nonhundred-percent-fullwidth non-hundred-percent-height-scrolling\" style=\"background-color: rgba(255,255,255,0);background-position: center center;background-repeat: no-repeat;padding-top:0px;padding-right:0px;padding-bottom:0px;padding-left:0px;margin-bottom: 0px;margin-top: 20px;border-width: 0px 0px 0px 0px;border-color:#eae9e9;border-style:solid;\" ><div class=\"fusion-builder-row fusion-row\"><div class=\"fusion-layout-column fusion_builder_column fusion-builder-column-3 fusion_builder_column_1_1 1_1 fusion-one-full fusion-column-first fusion-column-last\" style=\"margin-top:0px;margin-bottom:20px;\"><div class=\"fusion-column-wrapper fusion-flex-column-wrapper-legacy\" style=\"background-position:left top;background-repeat:no-repeat;-webkit-background-size:cover;-moz-background-size:cover;-o-background-size:cover;background-size:cover;padding: 0px 0px 0px 0px;\"><div class=\"fusion-text fusion-text-2\"><div class=\"breadcrumb\" itemprop=\"breadcrumb\"><span><span><a href=\"https:\/\/locandasansilvestro.ch\/de\/\">Home<\/a><\/span><\/div>\n<\/div><div class=\"fusion-clearfix\"><\/div><\/div><\/div><\/div><\/div><div class=\"fusion-fullwidth fullwidth-box fusion-builder-row-3 nonhundred-percent-fullwidth non-hundred-percent-height-scrolling\" style=\"background-color: rgba(255,255,255,0);background-position: center center;background-repeat: no-repeat;padding-top:0px;padding-right:60px;padding-bottom:0px;padding-left:60px;margin-bottom: 0px;margin-top: 40px;border-width: 0px 0px 0px 0px;border-color:#eae9e9;border-style:solid;\" ><div class=\"fusion-builder-row fusion-row\"><div class=\"fusion-layout-column fusion_builder_column fusion-builder-column-4 fusion_builder_column_3_5 3_5 fusion-three-fifth fusion-column-first\" style=\"width:60%;width:calc(60% - ( ( 4% ) * 0.6 ) );margin-right: 4%;margin-top:0px;margin-bottom:20px;\"><div class=\"fusion-column-wrapper fusion-flex-column-wrapper-legacy\" style=\"background-position:left top;background-repeat:no-repeat;-webkit-background-size:cover;-moz-background-size:cover;-o-background-size:cover;background-size:cover;padding: 0px 0px 0px 0px;\"><div class=\"fusion-text fusion-text-3\"><h2><span style=\"color: #747f2e;\">Die Locanda San Silvestro l\u00e4dt in ein offenes und fr\u00f6hliches Haus ein, wo sich jeder Gast Zuhause f\u00fchlt <\/span><\/h2>\n<\/div><div class=\"fusion-clearfix\"><\/div><\/div><\/div><div class=\"fusion-layout-column fusion_builder_column fusion-builder-column-5 fusion_builder_column_2_5 2_5 fusion-two-fifth fusion-column-last\" style=\"width:40%;width:calc(40% - ( ( 4% ) * 0.4 ) );margin-top:0px;margin-bottom:0px;\"><div class=\"fusion-column-wrapper fusion-flex-column-wrapper-legacy\" style=\"background-position:left top;background-repeat:no-repeat;-webkit-background-size:cover;-moz-background-size:cover;-o-background-size:cover;background-size:cover;padding: 0px 0px 0px 0px;\"><div class=\"fusion-clearfix\"><\/div><\/div><\/div><div class=\"fusion-layout-column fusion_builder_column fusion-builder-column-6 fusion_builder_column_1_6 1_6 fusion-one-sixth fusion-column-first\" style=\"width:16.666666666667%;width:calc(16.666666666667% - ( ( 0px ) * 0.16666666666667 ) );margin-right: 0px;margin-top:0px;margin-bottom:0px;\"><div class=\"fusion-column-wrapper fusion-flex-column-wrapper-legacy\" style=\"background-position:left top;background-repeat:no-repeat;-webkit-background-size:cover;-moz-background-size:cover;-o-background-size:cover;background-size:cover;padding: 0px 0px 0px 0px;\"><div class=\"fusion-clearfix\"><\/div><\/div><\/div><div class=\"fusion-layout-column fusion_builder_column fusion-builder-column-7 fusion_builder_column_1_2 1_2 fusion-one-half fusion-column-last\" style=\"width:50%;width:calc(50% - ( ( 0px ) * 0.5 ) );margin-top:0px;margin-bottom:20px;\"><div class=\"fusion-column-wrapper fusion-flex-column-wrapper-legacy\" style=\"background-position:left top;background-repeat:no-repeat;-webkit-background-size:cover;-moz-background-size:cover;-o-background-size:cover;background-size:cover;padding: 0px 0px 0px 0px;\"><div class=\"fusion-text fusion-text-4\"><p>und wo sich die Landschaft des Tals zu jeder Tageszeit geniessen l\u00e4sst, auch nachts in den Loggien unter den Sternen.<\/p>\n<p>Der grosse Innenhof und die Terrasse geben die M\u00f6glichkeit, andere G\u00e4ste zu treffen und neue Kontakte zu kn\u00fcpfen.<\/p>\n<p>An den kalten Tagen oder Abenden der Nebensaison gibt es nichts Sch\u00f6neres, als sich gem\u00fctlich an den Kamin zu setzen, zu lesen, zu plaudern, zu spielen oder einfach zu entspannen und dem Knistern des Feuers zu lauschen.<\/p>\n<p>Alessia, Ambrogio und das gesamte Team freuen sich, Sie in der Locanda begr\u00fcssen zu d\u00fcrfen. Dieses Haus aus dem 18. Jahrhundert l\u00e4dt Sie ein zu einer romantischen Nacht in ungew\u00f6hnlicher Kulisse, einem Erholungsurlaub oder einem Arbeitsaufenthalt. Hier zeigt sich das Leben von seiner sch\u00f6nsten Seite und schenkt den G\u00e4sten Ruhe und Frieden.<\/p>\n<p>Freuen Sie sich auf einen erholsamen Aufenthalt, bei dem Sie aufgenommen werden wie ein guter Freund, in gem\u00fctlicher Atmosph\u00e4re, in einem Haus voller W\u00e4rme und Tradition, wo sich das Leben geniessen l\u00e4sst.<\/p>\n<\/div><div class=\"fusion-clearfix\"><\/div><\/div><\/div><\/div><\/div><div class=\"fusion-fullwidth fullwidth-box fusion-builder-row-4 nonhundred-percent-fullwidth non-hundred-percent-height-scrolling\" style=\"background-color: rgba(255,255,255,0);background-position: center center;background-repeat: no-repeat;padding-top:0px;padding-right:60px;padding-bottom:0px;padding-left:60px;margin-bottom: 0px;margin-top: 40px;border-width: 0px 0px 0px 0px;border-color:#eae9e9;border-style:solid;\" ><div class=\"fusion-builder-row fusion-row\"><div class=\"fusion-layout-column fusion_builder_column fusion-builder-column-8 fusion_builder_column_3_5 3_5 fusion-three-fifth fusion-column-first\" style=\"width:60%;width:calc(60% - ( ( 4% ) * 0.6 ) );margin-right: 4%;margin-top:0px;margin-bottom:20px;\"><div class=\"fusion-column-wrapper fusion-flex-column-wrapper-legacy\" style=\"background-position:left top;background-repeat:no-repeat;-webkit-background-size:cover;-moz-background-size:cover;-o-background-size:cover;background-size:cover;padding: 0px 0px 0px 0px;\"><div class=\"fusion-text fusion-text-5\"><h2><span style=\"color: #747f2e;\">Wir sind f\u00fcr Sie da und erf\u00fcllen alle Ihre W\u00fcnsche<\/span><\/h2>\n<\/div><div class=\"fusion-clearfix\"><\/div><\/div><\/div><div class=\"fusion-layout-column fusion_builder_column fusion-builder-column-9 fusion_builder_column_2_5 2_5 fusion-two-fifth fusion-column-last\" style=\"width:40%;width:calc(40% - ( ( 4% ) * 0.4 ) );margin-top:0px;margin-bottom:0px;\"><div class=\"fusion-column-wrapper fusion-flex-column-wrapper-legacy\" style=\"background-position:left top;background-repeat:no-repeat;-webkit-background-size:cover;-moz-background-size:cover;-o-background-size:cover;background-size:cover;padding: 0px 0px 0px 0px;\"><div class=\"fusion-clearfix\"><\/div><\/div><\/div><div class=\"fusion-layout-column fusion_builder_column fusion-builder-column-10 fusion_builder_column_1_6 1_6 fusion-one-sixth fusion-column-first\" style=\"width:16.666666666667%;width:calc(16.666666666667% - ( ( 0px ) * 0.16666666666667 ) );margin-right: 0px;margin-top:0px;margin-bottom:0px;\"><div class=\"fusion-column-wrapper fusion-flex-column-wrapper-legacy\" style=\"background-position:left top;background-repeat:no-repeat;-webkit-background-size:cover;-moz-background-size:cover;-o-background-size:cover;background-size:cover;padding: 0px 0px 0px 0px;\"><div class=\"fusion-clearfix\"><\/div><\/div><\/div><div class=\"fusion-layout-column fusion_builder_column fusion-builder-column-11 fusion_builder_column_1_2 1_2 fusion-one-half fusion-column-last\" style=\"width:50%;width:calc(50% - ( ( 0px ) * 0.5 ) );margin-top:0px;margin-bottom:20px;\"><div class=\"fusion-column-wrapper fusion-flex-column-wrapper-legacy\" style=\"background-position:left top;background-repeat:no-repeat;-webkit-background-size:cover;-moz-background-size:cover;-o-background-size:cover;background-size:cover;padding: 0px 0px 0px 0px;\"><div class=\"fusion-text fusion-text-6\"><p>Informieren Sie uns, wenn Sie vom Bahnhof oder vom Flughafen abgeholt werden m\u00f6chten. Kontaktieren Sie uns f\u00fcr Wanderungen oder Besichtigungen in Weinkellern, zum Mieten von Mountainbikes oder E-Bikes f\u00fcr eine Tour durch den Wald oder an den See. Gerne organisieren wir f\u00fcr Sie private Abendessen im Brunnenkeller oder in den sonnigen Loggien.<\/p>\n<p>Gerne helfen wir Ihnen, das passende Buchungspaket f\u00fcr Ihren Aufenthalt in der Locanda zu finden. Zur Auswahl stehen verschiedene Zeitr\u00e4ume oder Aktivit\u00e4ten, ganz nach Ihrem Geschmack: Trekking, Gastrotouren, Schiffsfahrten, Angelausfl\u00fcge zu einem Bach, Opern oder Konzerte in der Scala in Mailand, aber auch Entdeckungsfl\u00fcge mit dem Wasserflugzeug, Gleitschirmspringen \u00fcber dem See, Yogakurse im Wald oder Mal- oder Schreibkurse.<\/p>\n<p>In der Wellnesszone der Locanda lassen sich individuelle Behandlungen buchen.<\/p>\n<p>Die Locanda kann auch vollst\u00e4ndig f\u00fcr grosse Feste reserviert werden.<\/p>\n<\/div><div class=\"fusion-clearfix\"><\/div><\/div><\/div><\/div><\/div><div class=\"fusion-fullwidth fullwidth-box fusion-builder-row-5 hundred-percent-fullwidth non-hundred-percent-height-scrolling fusion-equal-height-columns\" style=\"background-color: rgba(255,255,255,0);background-position: center center;background-repeat: no-repeat;padding-top:0px;padding-right:60px;padding-bottom:0px;padding-left:60px;margin-bottom: 0px;margin-top: 60px;border-width: 0px 0px 0px 0px;border-color:#eae9e9;border-style:solid;\" ><div class=\"fusion-builder-row fusion-row\"><div class=\"fusion-layout-column fusion_builder_column fusion-builder-column-12 fusion_builder_column_1_1 1_1 fusion-one-full fusion-column-first fusion-column-last\" style=\"margin-top:0px;margin-bottom:20px;\"><div class=\"fusion-column-wrapper fusion-flex-column-wrapper-legacy\" style=\"background-position:left top;background-repeat:no-repeat;-webkit-background-size:cover;-moz-background-size:cover;-o-background-size:cover;background-size:cover;padding: 0px 0px 0px 0px;\"><style type=\"text\/css\">.fusion-gallery-1 .fusion-gallery-image {border:0px solid #f6f6f6;}<\/style><div class=\"fusion-gallery fusion-gallery-container fusion-grid-2 fusion-columns-total-2 fusion-gallery-layout-grid fusion-gallery-1\" style=\"margin:-5px;\"><div style=\"padding:5px;\" class=\"fusion-grid-column fusion-gallery-column fusion-gallery-column-2 hover-type-none\"><div class=\"fusion-gallery-image\"><a href=\"https:\/\/locandasansilvestro.ch\/wp-content\/uploads\/2020\/10\/accoglienza-01.jpg\" rel=\"noreferrer\" data-rel=\"iLightbox[gallery_image_1]\" class=\"fusion-lightbox\" target=\"_self\"><img src=\"https:\/\/locandasansilvestro.ch\/wp-content\/uploads\/2020\/10\/accoglienza-01.jpg\" width=\"1200\" height=\"1006\" alt=\"\" title=\"accoglienza-01\" aria-label=\"accoglienza-01\" class=\"img-responsive wp-image-888\" srcset=\"https:\/\/locandasansilvestro.ch\/wp-content\/uploads\/2020\/10\/accoglienza-01-200x168.jpg 200w, https:\/\/locandasansilvestro.ch\/wp-content\/uploads\/2020\/10\/accoglienza-01-400x335.jpg 400w, https:\/\/locandasansilvestro.ch\/wp-content\/uploads\/2020\/10\/accoglienza-01-600x503.jpg 600w, https:\/\/locandasansilvestro.ch\/wp-content\/uploads\/2020\/10\/accoglienza-01-800x671.jpg 800w, https:\/\/locandasansilvestro.ch\/wp-content\/uploads\/2020\/10\/accoglienza-01.jpg 1200w\" sizes=\"(min-width: 2200px) 100vw, (min-width: 712px) 548px, (min-width: 640px) 712px, \" \/><\/a><\/div><\/div><div style=\"padding:5px;\" class=\"fusion-grid-column fusion-gallery-column fusion-gallery-column-2 hover-type-none\"><div class=\"fusion-gallery-image\"><a href=\"https:\/\/locandasansilvestro.ch\/wp-content\/uploads\/2020\/10\/accoglienza-02.jpg\" rel=\"noreferrer\" data-rel=\"iLightbox[gallery_image_1]\" class=\"fusion-lightbox\" target=\"_self\"><img src=\"https:\/\/locandasansilvestro.ch\/wp-content\/uploads\/2020\/10\/accoglienza-02.jpg\" width=\"1200\" height=\"1006\" alt=\"\" title=\"accoglienza-02\" aria-label=\"accoglienza-02\" class=\"img-responsive wp-image-889\" srcset=\"https:\/\/locandasansilvestro.ch\/wp-content\/uploads\/2020\/10\/accoglienza-02-200x168.jpg 200w, https:\/\/locandasansilvestro.ch\/wp-content\/uploads\/2020\/10\/accoglienza-02-400x335.jpg 400w, https:\/\/locandasansilvestro.ch\/wp-content\/uploads\/2020\/10\/accoglienza-02-600x503.jpg 600w, https:\/\/locandasansilvestro.ch\/wp-content\/uploads\/2020\/10\/accoglienza-02-800x671.jpg 800w, https:\/\/locandasansilvestro.ch\/wp-content\/uploads\/2020\/10\/accoglienza-02.jpg 1200w\" sizes=\"(min-width: 2200px) 100vw, (min-width: 712px) 548px, (min-width: 640px) 712px, \" \/><\/a><\/div><\/div><div class=\"clearfix\"><\/div><\/div><div class=\"fusion-clearfix\"><\/div><\/div><\/div><\/div><\/div><\/p>\n","protected":false},"excerpt":{"rendered":"","protected":false},"author":2,"featured_media":1128,"parent":0,"menu_order":0,"comment_status":"closed","ping_status":"closed","template":"100-width.php","meta":[],"yoast_head":"<!-- This site is optimized with the Yoast SEO plugin v17.8 - https:\/\/yoast.com\/wordpress\/plugins\/seo\/ -->\n<title>Der Empfang - Locanda San Silvestro Meride<\/title>\n<meta name=\"robots\" content=\"index, follow, max-snippet:-1, max-image-preview:large, max-video-preview:-1\" \/>\n<link rel=\"canonical\" href=\"https:\/\/locandasansilvestro.ch\/de\/der-empfang\/\" \/>\n<meta property=\"og:locale\" content=\"de_DE\" \/>\n<meta property=\"og:type\" content=\"article\" \/>\n<meta property=\"og:title\" content=\"Der Empfang - Locanda San Silvestro Meride\" \/>\n<meta property=\"og:url\" content=\"https:\/\/locandasansilvestro.ch\/der-empfang\/\" \/>\n<meta property=\"og:site_name\" content=\"Locanda San Silvestro Meride\" \/>\n<meta property=\"article:modified_time\" content=\"2020-10-27T07:24:44+00:00\" \/>\n<meta property=\"og:image\" content=\"https:\/\/locandasansilvestro.ch\/wp-content\/uploads\/2020\/10\/accoglienza-up.jpg\" \/>\n\t<meta property=\"og:image:width\" content=\"1600\" \/>\n\t<meta property=\"og:image:height\" content=\"871\" \/>\n<meta name=\"twitter:card\" content=\"summary_large_image\" \/>\n<meta name=\"twitter:label1\" content=\"Gesch\u00e4tzte Lesezeit\" \/>\n\t<meta name=\"twitter:data1\" content=\"16 Minuten\" \/>\n<script type=\"application\/ld+json\" class=\"yoast-schema-graph\">{\"@context\":\"https:\/\/schema.org\",\"@graph\":[{\"@type\":\"WebSite\",\"@id\":\"https:\/\/locandasansilvestro.ch\/#website\",\"url\":\"https:\/\/locandasansilvestro.ch\/\",\"name\":\"Locanda San Silvestro Meride\",\"description\":\"La locanda del tempo ritrovato\",\"potentialAction\":[{\"@type\":\"SearchAction\",\"target\":{\"@type\":\"EntryPoint\",\"urlTemplate\":\"https:\/\/locandasansilvestro.ch\/?s={search_term_string}\"},\"query-input\":\"required name=search_term_string\"}],\"inLanguage\":\"de-DE\"},{\"@type\":\"ImageObject\",\"@id\":\"https:\/\/locandasansilvestro.ch\/der-empfang\/#primaryimage\",\"inLanguage\":\"de-DE\",\"url\":\"https:\/\/locandasansilvestro.ch\/wp-content\/uploads\/2020\/10\/accoglienza-up.jpg\",\"contentUrl\":\"https:\/\/locandasansilvestro.ch\/wp-content\/uploads\/2020\/10\/accoglienza-up.jpg\",\"width\":1600,\"height\":871},{\"@type\":\"WebPage\",\"@id\":\"https:\/\/locandasansilvestro.ch\/der-empfang\/#webpage\",\"url\":\"https:\/\/locandasansilvestro.ch\/der-empfang\/\",\"name\":\"Der Empfang - Locanda San Silvestro Meride\",\"isPartOf\":{\"@id\":\"https:\/\/locandasansilvestro.ch\/#website\"},\"primaryImageOfPage\":{\"@id\":\"https:\/\/locandasansilvestro.ch\/der-empfang\/#primaryimage\"},\"datePublished\":\"2019-06-19T10:11:42+00:00\",\"dateModified\":\"2020-10-27T07:24:44+00:00\",\"breadcrumb\":{\"@id\":\"https:\/\/locandasansilvestro.ch\/der-empfang\/#breadcrumb\"},\"inLanguage\":\"de-DE\",\"potentialAction\":[{\"@type\":\"ReadAction\",\"target\":[\"https:\/\/locandasansilvestro.ch\/der-empfang\/\"]}]},{\"@type\":\"BreadcrumbList\",\"@id\":\"https:\/\/locandasansilvestro.ch\/der-empfang\/#breadcrumb\",\"itemListElement\":[{\"@type\":\"ListItem\",\"position\":1,\"name\":\"Home\",\"item\":\"https:\/\/locandasansilvestro.ch\/de\/\"},{\"@type\":\"ListItem\",\"position\":2,\"name\":\"Der Empfang\"}]}]}<\/script>\n<!-- \/ Yoast SEO plugin. -->","yoast_head_json":{"title":"Der Empfang - Locanda San Silvestro Meride","robots":{"index":"index","follow":"follow","max-snippet":"max-snippet:-1","max-image-preview":"max-image-preview:large","max-video-preview":"max-video-preview:-1"},"canonical":"https:\/\/locandasansilvestro.ch\/de\/der-empfang\/","og_locale":"de_DE","og_type":"article","og_title":"Der Empfang - Locanda San Silvestro Meride","og_url":"https:\/\/locandasansilvestro.ch\/der-empfang\/","og_site_name":"Locanda San Silvestro Meride","article_modified_time":"2020-10-27T07:24:44+00:00","og_image":[{"width":1600,"height":871,"url":"https:\/\/locandasansilvestro.ch\/wp-content\/uploads\/2020\/10\/accoglienza-up.jpg","type":"image\/jpeg"}],"twitter_card":"summary_large_image","twitter_misc":{"Gesch\u00e4tzte Lesezeit":"16 Minuten"},"schema":{"@context":"https:\/\/schema.org","@graph":[{"@type":"WebSite","@id":"https:\/\/locandasansilvestro.ch\/#website","url":"https:\/\/locandasansilvestro.ch\/","name":"Locanda San Silvestro Meride","description":"La locanda del tempo ritrovato","potentialAction":[{"@type":"SearchAction","target":{"@type":"EntryPoint","urlTemplate":"https:\/\/locandasansilvestro.ch\/?s={search_term_string}"},"query-input":"required name=search_term_string"}],"inLanguage":"de-DE"},{"@type":"ImageObject","@id":"https:\/\/locandasansilvestro.ch\/der-empfang\/#primaryimage","inLanguage":"de-DE","url":"https:\/\/locandasansilvestro.ch\/wp-content\/uploads\/2020\/10\/accoglienza-up.jpg","contentUrl":"https:\/\/locandasansilvestro.ch\/wp-content\/uploads\/2020\/10\/accoglienza-up.jpg","width":1600,"height":871},{"@type":"WebPage","@id":"https:\/\/locandasansilvestro.ch\/der-empfang\/#webpage","url":"https:\/\/locandasansilvestro.ch\/der-empfang\/","name":"Der Empfang - Locanda San Silvestro Meride","isPartOf":{"@id":"https:\/\/locandasansilvestro.ch\/#website"},"primaryImageOfPage":{"@id":"https:\/\/locandasansilvestro.ch\/der-empfang\/#primaryimage"},"datePublished":"2019-06-19T10:11:42+00:00","dateModified":"2020-10-27T07:24:44+00:00","breadcrumb":{"@id":"https:\/\/locandasansilvestro.ch\/der-empfang\/#breadcrumb"},"inLanguage":"de-DE","potentialAction":[{"@type":"ReadAction","target":["https:\/\/locandasansilvestro.ch\/der-empfang\/"]}]},{"@type":"BreadcrumbList","@id":"https:\/\/locandasansilvestro.ch\/der-empfang\/#breadcrumb","itemListElement":[{"@type":"ListItem","position":1,"name":"Home","item":"https:\/\/locandasansilvestro.ch\/de\/"},{"@type":"ListItem","position":2,"name":"Der Empfang"}]}]}},"_links":{"self":[{"href":"https:\/\/locandasansilvestro.ch\/de\/wp-json\/wp\/v2\/pages\/1527"}],"collection":[{"href":"https:\/\/locandasansilvestro.ch\/de\/wp-json\/wp\/v2\/pages"}],"about":[{"href":"https:\/\/locandasansilvestro.ch\/de\/wp-json\/wp\/v2\/types\/page"}],"author":[{"embeddable":true,"href":"https:\/\/locandasansilvestro.ch\/de\/wp-json\/wp\/v2\/users\/2"}],"replies":[{"embeddable":true,"href":"https:\/\/locandasansilvestro.ch\/de\/wp-json\/wp\/v2\/comments?post=1527"}],"version-history":[{"count":5,"href":"https:\/\/locandasansilvestro.ch\/de\/wp-json\/wp\/v2\/pages\/1527\/revisions"}],"predecessor-version":[{"id":1533,"href":"https:\/\/locandasansilvestro.ch\/de\/wp-json\/wp\/v2\/pages\/1527\/revisions\/1533"}],"wp:featuredmedia":[{"embeddable":true,"href":"https:\/\/locandasansilvestro.ch\/de\/wp-json\/wp\/v2\/media\/1128"}],"wp:attachment":[{"href":"https:\/\/locandasansilvestro.ch\/de\/wp-json\/wp\/v2\/media?parent=1527"}],"curies":[{"name":"wp","href":"https:\/\/api.w.org\/{rel}","templated":true}]}}