{"id":1494,"date":"2019-05-30T09:14:07","date_gmt":"2019-05-30T07:14:07","guid":{"rendered":"https:\/\/locandasansilvestro.ch\/die-locanda\/"},"modified":"2020-11-03T19:40:41","modified_gmt":"2020-11-03T18:40:41","slug":"die-locanda","status":"publish","type":"page","link":"https:\/\/locandasansilvestro.ch\/de\/die-locanda\/","title":{"rendered":"Die Locanda"},"content":{"rendered":"<p><div class=\"fusion-fullwidth fullwidth-box fusion-builder-row-1 fusion-parallax-none hundred-percent-fullwidth non-hundred-percent-height-scrolling\" style=\"background-color: rgba(255,255,255,0);background-image: url(&quot;https:\/\/locandasansilvestro.ch\/wp-content\/uploads\/2020\/10\/locanda-up-1.jpg&quot;);background-position: center center;background-repeat: no-repeat;padding-top:43%;padding-right:60px;padding-bottom:30px;padding-left:0px;margin-bottom: 0px;margin-top: 0px;border-width: 0px 0px 0px 0px;border-color:#eae9e9;border-style:solid;-webkit-background-size:cover;-moz-background-size:cover;-o-background-size:cover;background-size:cover;\" ><div class=\"fusion-builder-row fusion-row\"><div class=\"fusion-layout-column fusion_builder_column fusion-builder-column-0 fusion_builder_column_1_6 1_6 fusion-one-sixth fusion-column-first fusion-column-no-min-height\" style=\"width:16.666666666667%;width:calc(16.666666666667% - ( ( 0px + 0px ) * 0.16666666666667 ) );margin-right: 0px;margin-top:0px;margin-bottom:0px;\"><div class=\"fusion-column-wrapper fusion-flex-column-wrapper-legacy\" style=\"background-position:center bottom;background-repeat:no-repeat;-webkit-background-size:cover;-moz-background-size:cover;-o-background-size:cover;background-size:cover;padding: 60px 15px 0px 0px;\"><span class=\" fusion-imageframe imageframe-none imageframe-1 hover-type-none\" style=\"margin-left:25px;float:right;\"><img width=\"150\" height=\"78\" title=\"line-q2\" src=\"https:\/\/locandasansilvestro.ch\/wp-content\/uploads\/2019\/05\/line-q2.png\" class=\"img-responsive wp-image-996\"\/><\/span><div class=\"fusion-clearfix\"><\/div><\/div><\/div><div class=\"fusion-layout-column fusion_builder_column fusion-builder-column-1 fusion_builder_column_1_2 1_2 fusion-one-half\" style=\"width:50%;width:calc(50% - ( ( 0px + 0px ) * 0.5 ) );margin-right: 0px;margin-top:0px;margin-bottom:20px;\"><div class=\"fusion-column-wrapper fusion-flex-column-wrapper-legacy\" style=\"background-position:left top;background-repeat:no-repeat;-webkit-background-size:cover;-moz-background-size:cover;-o-background-size:cover;background-size:cover;padding: 0px 0px 0px 0px;\"><div class=\"fusion-text fusion-text-1\"><h1><span style=\"color: #ffffff;\">Die Locanda<\/span><\/h1>\n<\/div><div class=\"fusion-clearfix\"><\/div><\/div><\/div><div class=\"fusion-layout-column fusion_builder_column fusion-builder-column-2 fusion_builder_column_1_6 1_6 fusion-one-sixth fusion-column-last fusion-column-no-min-height\" style=\"width:16.666666666667%;width:calc(16.666666666667% - ( ( 0px + 0px ) * 0.16666666666667 ) );margin-top:0px;margin-bottom:0px;\"><div class=\"fusion-column-wrapper fusion-flex-column-wrapper-legacy\" style=\"background-position:center bottom;background-repeat:no-repeat;-webkit-background-size:cover;-moz-background-size:cover;-o-background-size:cover;background-size:cover;padding: 60px 15px 0px 0px;\"><span class=\" fusion-imageframe imageframe-none imageframe-2 hover-type-none\"><img width=\"150\" height=\"78\" title=\"line-q2\" src=\"https:\/\/locandasansilvestro.ch\/wp-content\/uploads\/2019\/05\/line-q2.png\" class=\"img-responsive wp-image-996\"\/><\/span><div class=\"fusion-clearfix\"><\/div><\/div><\/div><\/div><\/div><div class=\"fusion-fullwidth fullwidth-box fusion-builder-row-2 nonhundred-percent-fullwidth non-hundred-percent-height-scrolling\" style=\"background-color: rgba(255,255,255,0);background-position: center center;background-repeat: no-repeat;padding-top:0px;padding-right:0px;padding-bottom:0px;padding-left:0px;margin-bottom: 0px;margin-top: 20px;border-width: 0px 0px 0px 0px;border-color:#eae9e9;border-style:solid;\" ><div class=\"fusion-builder-row fusion-row\"><div class=\"fusion-layout-column fusion_builder_column fusion-builder-column-3 fusion_builder_column_1_1 1_1 fusion-one-full fusion-column-first fusion-column-last\" style=\"margin-top:0px;margin-bottom:20px;\"><div class=\"fusion-column-wrapper fusion-flex-column-wrapper-legacy\" style=\"background-position:left top;background-repeat:no-repeat;-webkit-background-size:cover;-moz-background-size:cover;-o-background-size:cover;background-size:cover;padding: 0px 0px 0px 0px;\"><div class=\"fusion-text fusion-text-2\"><div class=\"breadcrumb\" itemprop=\"breadcrumb\"><span><span><a href=\"https:\/\/locandasansilvestro.ch\/de\/\">Home<\/a><\/span><\/div>\n<\/div><div class=\"fusion-clearfix\"><\/div><\/div><\/div><\/div><\/div><div class=\"fusion-fullwidth fullwidth-box fusion-builder-row-3 nonhundred-percent-fullwidth non-hundred-percent-height-scrolling\" style=\"background-color: rgba(255,255,255,0);background-position: center center;background-repeat: no-repeat;padding-top:0px;padding-right:60px;padding-bottom:0px;padding-left:60px;margin-bottom: 0px;margin-top: 40px;border-width: 0px 0px 0px 0px;border-color:#eae9e9;border-style:solid;\" ><div class=\"fusion-builder-row fusion-row\"><div class=\"fusion-layout-column fusion_builder_column fusion-builder-column-4 fusion_builder_column_3_5 3_5 fusion-three-fifth fusion-column-first\" style=\"width:60%;width:calc(60% - ( ( 4% ) * 0.6 ) );margin-right: 4%;margin-top:0px;margin-bottom:20px;\"><div class=\"fusion-column-wrapper fusion-flex-column-wrapper-legacy\" style=\"background-position:left top;background-repeat:no-repeat;-webkit-background-size:cover;-moz-background-size:cover;-o-background-size:cover;background-size:cover;padding: 0px 0px 0px 0px;\"><div class=\"fusion-text fusion-text-3\"><h2><span style=\"color: #747f2e;\">Die Locanda ist ein Geb\u00e4ude aus dem 18. Jahrhundert, das seit 80 Jahren f\u00fcr Gastfreundschaft steht<\/span><\/h2>\n<\/div><div class=\"fusion-clearfix\"><\/div><\/div><\/div><div class=\"fusion-layout-column fusion_builder_column fusion-builder-column-5 fusion_builder_column_2_5 2_5 fusion-two-fifth fusion-column-last\" style=\"width:40%;width:calc(40% - ( ( 4% ) * 0.4 ) );margin-top:0px;margin-bottom:0px;\"><div class=\"fusion-column-wrapper fusion-flex-column-wrapper-legacy\" style=\"background-position:left top;background-repeat:no-repeat;-webkit-background-size:cover;-moz-background-size:cover;-o-background-size:cover;background-size:cover;padding: 0px 0px 0px 0px;\"><div class=\"fusion-clearfix\"><\/div><\/div><\/div><div class=\"fusion-layout-column fusion_builder_column fusion-builder-column-6 fusion_builder_column_1_6 1_6 fusion-one-sixth fusion-column-first\" style=\"width:16.666666666667%;width:calc(16.666666666667% - ( ( 0px ) * 0.16666666666667 ) );margin-right: 0px;margin-top:0px;margin-bottom:0px;\"><div class=\"fusion-column-wrapper fusion-flex-column-wrapper-legacy\" style=\"background-position:left top;background-repeat:no-repeat;-webkit-background-size:cover;-moz-background-size:cover;-o-background-size:cover;background-size:cover;padding: 0px 0px 0px 0px;\"><div class=\"fusion-clearfix\"><\/div><\/div><\/div><div class=\"fusion-layout-column fusion_builder_column fusion-builder-column-7 fusion_builder_column_1_2 1_2 fusion-one-half fusion-column-last\" style=\"width:50%;width:calc(50% - ( ( 0px ) * 0.5 ) );margin-top:0px;margin-bottom:20px;\"><div class=\"fusion-column-wrapper fusion-flex-column-wrapper-legacy\" style=\"background-position:left top;background-repeat:no-repeat;-webkit-background-size:cover;-moz-background-size:cover;-o-background-size:cover;background-size:cover;padding: 0px 0px 0px 0px;\"><div class=\"fusion-text fusion-text-4\"><p>und das \u00fcber viele Epochen dieser Bestimmung treu geblieben ist dank zahlreicher, aufeinanderfolgender Gastgeber, die Teil der Geschichte dieses besonderen Ortes wurden.<\/p>\n<p>Eine historische St\u00e4tte, deren Struktur sich charakterisiert durch gewundene Treppen und R\u00e4ume, die in ein Labyrinth aus Ecken und Nischen mit Ausblick \u00fcbergehen. Die Loggien im Osten erstrahlen in der Morgensonne, im Westen h\u00fcllt das Abendlicht die grosse Gemeinschaftsterrasse ein, bevor die Sonne hinter den Bergen versinkt.<\/p>\n<p>Der Saal mit dem grossen Kamin im Erdgeschoss war fr\u00fcher, wie es traditionell in kleinen D\u00f6rfern \u00fcblich war, der Raum, in dem die Hausgemeinschaft zusammenkam, um gemeinsam vor dem einzigen Kamin an der Familientafel zu essen. Auch heute steht der Saal mit seinem Kamin und der Decke aus Kastanienholz und Terrakotta den Hausbewohnern zur Verf\u00fcgung und l\u00e4dt zu Momenten des Relax ein.<\/p>\n<p>Die antiken \u00dcberreste einer aus dem Fels freigelegten mittelalterlichen Festung, mit einem Steingew\u00f6lbe, das aus dem nahen Fluss geborgen werden konnte.<\/p>\n<\/div><div class=\"fusion-clearfix\"><\/div><\/div><\/div><\/div><\/div><div class=\"fusion-fullwidth fullwidth-box fusion-builder-row-4 hundred-percent-fullwidth non-hundred-percent-height-scrolling\" style=\"background-color: rgba(255,255,255,0);background-position: center center;background-repeat: no-repeat;padding-top:0px;padding-right:60px;padding-bottom:0px;padding-left:60px;margin-bottom: 0px;margin-top: 0px;border-width: 0px 0px 0px 0px;border-color:#eae9e9;border-style:solid;\" ><div class=\"fusion-builder-row fusion-row\"><div class=\"fusion-layout-column fusion_builder_column fusion-builder-column-8 fusion_builder_column_1_1 1_1 fusion-one-full fusion-column-first fusion-column-last\" style=\"margin-top:0px;margin-bottom:20px;\"><div class=\"fusion-column-wrapper fusion-flex-column-wrapper-legacy\" style=\"background-position:left top;background-repeat:no-repeat;-webkit-background-size:cover;-moz-background-size:cover;-o-background-size:cover;background-size:cover;padding: 0px 0px 0px 0px;\"><style type=\"text\/css\">.fusion-gallery-1 .fusion-gallery-image {border:0px solid #f6f6f6;}<\/style><div class=\"fusion-gallery fusion-gallery-container fusion-grid-2 fusion-columns-total-4 fusion-gallery-layout-grid fusion-gallery-1\" style=\"margin:-5px;\"><div style=\"padding:5px;\" class=\"fusion-grid-column fusion-gallery-column fusion-gallery-column-2 hover-type-none\"><div class=\"fusion-gallery-image\"><a href=\"https:\/\/locandasansilvestro.ch\/wp-content\/uploads\/2020\/10\/locanda-04.jpg\" rel=\"noreferrer\" data-rel=\"iLightbox[gallery_image_1]\" class=\"fusion-lightbox\" target=\"_self\"><img src=\"https:\/\/locandasansilvestro.ch\/wp-content\/uploads\/2020\/10\/locanda-04.jpg\" width=\"1200\" height=\"1600\" alt=\"\" title=\"locanda-04\" aria-label=\"locanda-04\" class=\"img-responsive wp-image-959\" srcset=\"https:\/\/locandasansilvestro.ch\/wp-content\/uploads\/2020\/10\/locanda-04-200x267.jpg 200w, https:\/\/locandasansilvestro.ch\/wp-content\/uploads\/2020\/10\/locanda-04-400x533.jpg 400w, https:\/\/locandasansilvestro.ch\/wp-content\/uploads\/2020\/10\/locanda-04-600x800.jpg 600w, https:\/\/locandasansilvestro.ch\/wp-content\/uploads\/2020\/10\/locanda-04-800x1067.jpg 800w, https:\/\/locandasansilvestro.ch\/wp-content\/uploads\/2020\/10\/locanda-04.jpg 1200w\" sizes=\"(min-width: 2200px) 100vw, (min-width: 712px) 548px, (min-width: 640px) 712px, \" \/><\/a><\/div><\/div><div style=\"padding:5px;\" class=\"fusion-grid-column fusion-gallery-column fusion-gallery-column-2 hover-type-none\"><div class=\"fusion-gallery-image\"><a href=\"https:\/\/locandasansilvestro.ch\/wp-content\/uploads\/2020\/10\/locanda-05.jpg\" rel=\"noreferrer\" data-rel=\"iLightbox[gallery_image_1]\" class=\"fusion-lightbox\" target=\"_self\"><img src=\"https:\/\/locandasansilvestro.ch\/wp-content\/uploads\/2020\/10\/locanda-05.jpg\" width=\"1200\" height=\"1600\" alt=\"\" title=\"locanda-05\" aria-label=\"locanda-05\" class=\"img-responsive wp-image-960\" srcset=\"https:\/\/locandasansilvestro.ch\/wp-content\/uploads\/2020\/10\/locanda-05-200x267.jpg 200w, https:\/\/locandasansilvestro.ch\/wp-content\/uploads\/2020\/10\/locanda-05-400x533.jpg 400w, https:\/\/locandasansilvestro.ch\/wp-content\/uploads\/2020\/10\/locanda-05-600x800.jpg 600w, https:\/\/locandasansilvestro.ch\/wp-content\/uploads\/2020\/10\/locanda-05-800x1067.jpg 800w, https:\/\/locandasansilvestro.ch\/wp-content\/uploads\/2020\/10\/locanda-05.jpg 1200w\" sizes=\"(min-width: 2200px) 100vw, (min-width: 712px) 548px, (min-width: 640px) 712px, \" \/><\/a><\/div><\/div><div class=\"clearfix\"><\/div><div style=\"padding:5px;\" class=\"fusion-grid-column fusion-gallery-column fusion-gallery-column-2 hover-type-none\"><div class=\"fusion-gallery-image\"><a href=\"https:\/\/locandasansilvestro.ch\/wp-content\/uploads\/2020\/10\/locanda-06.jpg\" rel=\"noreferrer\" data-rel=\"iLightbox[gallery_image_1]\" class=\"fusion-lightbox\" target=\"_self\"><img src=\"https:\/\/locandasansilvestro.ch\/wp-content\/uploads\/2020\/10\/locanda-06.jpg\" width=\"1200\" height=\"1006\" alt=\"\" title=\"locanda-06\" aria-label=\"locanda-06\" class=\"img-responsive wp-image-961\" srcset=\"https:\/\/locandasansilvestro.ch\/wp-content\/uploads\/2020\/10\/locanda-06-200x168.jpg 200w, https:\/\/locandasansilvestro.ch\/wp-content\/uploads\/2020\/10\/locanda-06-400x335.jpg 400w, https:\/\/locandasansilvestro.ch\/wp-content\/uploads\/2020\/10\/locanda-06-600x503.jpg 600w, https:\/\/locandasansilvestro.ch\/wp-content\/uploads\/2020\/10\/locanda-06-800x671.jpg 800w, https:\/\/locandasansilvestro.ch\/wp-content\/uploads\/2020\/10\/locanda-06.jpg 1200w\" sizes=\"(min-width: 2200px) 100vw, (min-width: 712px) 548px, (min-width: 640px) 712px, \" \/><\/a><\/div><\/div><div style=\"padding:5px;\" class=\"fusion-grid-column fusion-gallery-column fusion-gallery-column-2 hover-type-none\"><div class=\"fusion-gallery-image\"><a href=\"https:\/\/locandasansilvestro.ch\/wp-content\/uploads\/2020\/10\/Locanda-03.jpg\" rel=\"noreferrer\" data-rel=\"iLightbox[gallery_image_1]\" class=\"fusion-lightbox\" target=\"_self\"><img src=\"https:\/\/locandasansilvestro.ch\/wp-content\/uploads\/2020\/10\/Locanda-03.jpg\" width=\"1200\" height=\"1006\" alt=\"\" title=\"Locanda-03\" aria-label=\"Locanda-03\" class=\"img-responsive wp-image-786\" srcset=\"https:\/\/locandasansilvestro.ch\/wp-content\/uploads\/2020\/10\/Locanda-03-200x168.jpg 200w, https:\/\/locandasansilvestro.ch\/wp-content\/uploads\/2020\/10\/Locanda-03-400x335.jpg 400w, https:\/\/locandasansilvestro.ch\/wp-content\/uploads\/2020\/10\/Locanda-03-600x503.jpg 600w, https:\/\/locandasansilvestro.ch\/wp-content\/uploads\/2020\/10\/Locanda-03-800x671.jpg 800w, https:\/\/locandasansilvestro.ch\/wp-content\/uploads\/2020\/10\/Locanda-03.jpg 1200w\" sizes=\"(min-width: 2200px) 100vw, (min-width: 712px) 548px, (min-width: 640px) 712px, \" \/><\/a><\/div><\/div><div class=\"clearfix\"><\/div><\/div><div class=\"fusion-clearfix\"><\/div><\/div><\/div><\/div><\/div><\/p>\n","protected":false},"excerpt":{"rendered":"","protected":false},"author":2,"featured_media":1160,"parent":0,"menu_order":0,"comment_status":"closed","ping_status":"closed","template":"100-width.php","meta":[],"yoast_head":"<!-- This site is optimized with the Yoast SEO plugin v17.8 - https:\/\/yoast.com\/wordpress\/plugins\/seo\/ -->\n<title>Die Locanda - Locanda San Silvestro Meride<\/title>\n<meta name=\"robots\" content=\"index, follow, max-snippet:-1, max-image-preview:large, max-video-preview:-1\" \/>\n<link rel=\"canonical\" href=\"https:\/\/locandasansilvestro.ch\/de\/die-locanda\/\" \/>\n<meta property=\"og:locale\" content=\"de_DE\" \/>\n<meta property=\"og:type\" content=\"article\" \/>\n<meta property=\"og:title\" content=\"Die Locanda - Locanda San Silvestro Meride\" \/>\n<meta property=\"og:url\" content=\"https:\/\/locandasansilvestro.ch\/de\/die-locanda\/\" \/>\n<meta property=\"og:site_name\" content=\"Locanda San Silvestro Meride\" \/>\n<meta property=\"article:modified_time\" content=\"2020-11-03T18:40:41+00:00\" \/>\n<meta property=\"og:image\" content=\"https:\/\/locandasansilvestro.ch\/wp-content\/uploads\/2020\/10\/locanda-up-1.jpg\" \/>\n\t<meta property=\"og:image:width\" content=\"1600\" \/>\n\t<meta property=\"og:image:height\" content=\"871\" \/>\n<meta name=\"twitter:card\" content=\"summary_large_image\" \/>\n<meta name=\"twitter:label1\" content=\"Gesch\u00e4tzte Lesezeit\" \/>\n\t<meta name=\"twitter:data1\" content=\"12 Minuten\" \/>\n<script type=\"application\/ld+json\" class=\"yoast-schema-graph\">{\"@context\":\"https:\/\/schema.org\",\"@graph\":[{\"@type\":\"WebSite\",\"@id\":\"https:\/\/locandasansilvestro.ch\/#website\",\"url\":\"https:\/\/locandasansilvestro.ch\/\",\"name\":\"Locanda San Silvestro Meride\",\"description\":\"La locanda del tempo ritrovato\",\"potentialAction\":[{\"@type\":\"SearchAction\",\"target\":{\"@type\":\"EntryPoint\",\"urlTemplate\":\"https:\/\/locandasansilvestro.ch\/?s={search_term_string}\"},\"query-input\":\"required name=search_term_string\"}],\"inLanguage\":\"de-DE\"},{\"@type\":\"ImageObject\",\"@id\":\"https:\/\/locandasansilvestro.ch\/de\/die-locanda\/#primaryimage\",\"inLanguage\":\"de-DE\",\"url\":\"https:\/\/locandasansilvestro.ch\/wp-content\/uploads\/2020\/10\/locanda-up-1.jpg\",\"contentUrl\":\"https:\/\/locandasansilvestro.ch\/wp-content\/uploads\/2020\/10\/locanda-up-1.jpg\",\"width\":1600,\"height\":871},{\"@type\":\"WebPage\",\"@id\":\"https:\/\/locandasansilvestro.ch\/de\/die-locanda\/#webpage\",\"url\":\"https:\/\/locandasansilvestro.ch\/de\/die-locanda\/\",\"name\":\"Die Locanda - Locanda San Silvestro Meride\",\"isPartOf\":{\"@id\":\"https:\/\/locandasansilvestro.ch\/#website\"},\"primaryImageOfPage\":{\"@id\":\"https:\/\/locandasansilvestro.ch\/de\/die-locanda\/#primaryimage\"},\"datePublished\":\"2019-05-30T07:14:07+00:00\",\"dateModified\":\"2020-11-03T18:40:41+00:00\",\"breadcrumb\":{\"@id\":\"https:\/\/locandasansilvestro.ch\/de\/die-locanda\/#breadcrumb\"},\"inLanguage\":\"de-DE\",\"potentialAction\":[{\"@type\":\"ReadAction\",\"target\":[\"https:\/\/locandasansilvestro.ch\/de\/die-locanda\/\"]}]},{\"@type\":\"BreadcrumbList\",\"@id\":\"https:\/\/locandasansilvestro.ch\/de\/die-locanda\/#breadcrumb\",\"itemListElement\":[{\"@type\":\"ListItem\",\"position\":1,\"name\":\"Home\",\"item\":\"https:\/\/locandasansilvestro.ch\/de\/\"},{\"@type\":\"ListItem\",\"position\":2,\"name\":\"Die Locanda\"}]}]}<\/script>\n<!-- \/ Yoast SEO plugin. -->","yoast_head_json":{"title":"Die Locanda - Locanda San Silvestro Meride","robots":{"index":"index","follow":"follow","max-snippet":"max-snippet:-1","max-image-preview":"max-image-preview:large","max-video-preview":"max-video-preview:-1"},"canonical":"https:\/\/locandasansilvestro.ch\/de\/die-locanda\/","og_locale":"de_DE","og_type":"article","og_title":"Die Locanda - Locanda San Silvestro Meride","og_url":"https:\/\/locandasansilvestro.ch\/de\/die-locanda\/","og_site_name":"Locanda San Silvestro Meride","article_modified_time":"2020-11-03T18:40:41+00:00","og_image":[{"width":1600,"height":871,"url":"https:\/\/locandasansilvestro.ch\/wp-content\/uploads\/2020\/10\/locanda-up-1.jpg","type":"image\/jpeg"}],"twitter_card":"summary_large_image","twitter_misc":{"Gesch\u00e4tzte Lesezeit":"12 Minuten"},"schema":{"@context":"https:\/\/schema.org","@graph":[{"@type":"WebSite","@id":"https:\/\/locandasansilvestro.ch\/#website","url":"https:\/\/locandasansilvestro.ch\/","name":"Locanda San Silvestro Meride","description":"La locanda del tempo ritrovato","potentialAction":[{"@type":"SearchAction","target":{"@type":"EntryPoint","urlTemplate":"https:\/\/locandasansilvestro.ch\/?s={search_term_string}"},"query-input":"required name=search_term_string"}],"inLanguage":"de-DE"},{"@type":"ImageObject","@id":"https:\/\/locandasansilvestro.ch\/de\/die-locanda\/#primaryimage","inLanguage":"de-DE","url":"https:\/\/locandasansilvestro.ch\/wp-content\/uploads\/2020\/10\/locanda-up-1.jpg","contentUrl":"https:\/\/locandasansilvestro.ch\/wp-content\/uploads\/2020\/10\/locanda-up-1.jpg","width":1600,"height":871},{"@type":"WebPage","@id":"https:\/\/locandasansilvestro.ch\/de\/die-locanda\/#webpage","url":"https:\/\/locandasansilvestro.ch\/de\/die-locanda\/","name":"Die Locanda - Locanda San Silvestro Meride","isPartOf":{"@id":"https:\/\/locandasansilvestro.ch\/#website"},"primaryImageOfPage":{"@id":"https:\/\/locandasansilvestro.ch\/de\/die-locanda\/#primaryimage"},"datePublished":"2019-05-30T07:14:07+00:00","dateModified":"2020-11-03T18:40:41+00:00","breadcrumb":{"@id":"https:\/\/locandasansilvestro.ch\/de\/die-locanda\/#breadcrumb"},"inLanguage":"de-DE","potentialAction":[{"@type":"ReadAction","target":["https:\/\/locandasansilvestro.ch\/de\/die-locanda\/"]}]},{"@type":"BreadcrumbList","@id":"https:\/\/locandasansilvestro.ch\/de\/die-locanda\/#breadcrumb","itemListElement":[{"@type":"ListItem","position":1,"name":"Home","item":"https:\/\/locandasansilvestro.ch\/de\/"},{"@type":"ListItem","position":2,"name":"Die Locanda"}]}]}},"_links":{"self":[{"href":"https:\/\/locandasansilvestro.ch\/de\/wp-json\/wp\/v2\/pages\/1494"}],"collection":[{"href":"https:\/\/locandasansilvestro.ch\/de\/wp-json\/wp\/v2\/pages"}],"about":[{"href":"https:\/\/locandasansilvestro.ch\/de\/wp-json\/wp\/v2\/types\/page"}],"author":[{"embeddable":true,"href":"https:\/\/locandasansilvestro.ch\/de\/wp-json\/wp\/v2\/users\/2"}],"replies":[{"embeddable":true,"href":"https:\/\/locandasansilvestro.ch\/de\/wp-json\/wp\/v2\/comments?post=1494"}],"version-history":[{"count":5,"href":"https:\/\/locandasansilvestro.ch\/de\/wp-json\/wp\/v2\/pages\/1494\/revisions"}],"predecessor-version":[{"id":1656,"href":"https:\/\/locandasansilvestro.ch\/de\/wp-json\/wp\/v2\/pages\/1494\/revisions\/1656"}],"wp:featuredmedia":[{"embeddable":true,"href":"https:\/\/locandasansilvestro.ch\/de\/wp-json\/wp\/v2\/media\/1160"}],"wp:attachment":[{"href":"https:\/\/locandasansilvestro.ch\/de\/wp-json\/wp\/v2\/media?parent=1494"}],"curies":[{"name":"wp","href":"https:\/\/api.w.org\/{rel}","templated":true}]}}